{"id":666,"date":"2026-02-07T14:52:19","date_gmt":"2026-02-07T13:52:19","guid":{"rendered":"https:\/\/ozgurfly.de\/?page_id=666"},"modified":"2026-03-28T21:51:09","modified_gmt":"2026-03-28T20:51:09","slug":"drohnenfuehrerschein-a2-kosten-2","status":"publish","type":"page","link":"https:\/\/ozgurfly.de\/tr\/drohnenfuehrerschein-a2-kosten-2\/","title":{"rendered":"Drohnenf\u00fchrerschein A2: Kosten, Dauer &amp; Pr\u00fcfung"},"content":{"rendered":"<h1 class=\"wp-block-heading\">Drohnenf\u00fchrerschein A2: Kosten, Dauer &amp; Pr\u00fcfung<\/h1>\n\n\n\n<p>Der Drohnenf\u00fchrerschein A2 ist f\u00fcr viele Drohnenpiloten in Deutschland Pflicht \u2013 besonders f\u00fcr Fl\u00fcge mit schwereren Drohnen oder n\u00e4her an Menschen. Doch wie hoch sind die Kosten wirklich? Wie lange dauert der Kurs und welche Pr\u00fcfung erwartet dich?<\/p>\n\n\n\n<p>In diesem Artikel findest du eine klare \u00dcbersicht zu den aktuellen A2-Kosten, zur Dauer, zur Pr\u00fcfung und zu einer bew\u00e4hrten Online-Kurs-Empfehlung f\u00fcr 2026.<\/p>\n\n\n\n<h2 class=\"wp-block-heading\">Was kostet der Drohnenf\u00fchrerschein A2?<\/h2>\n\n\n\n<p>Die Kosten f\u00fcr den Drohnenf\u00fchrerschein A2 liegen in Deutschland aktuell meist zwischen 90 und 150 Euro. Der genaue Preis h\u00e4ngt davon ab, ob du einen reinen Online-Kurs w\u00e4hlst oder zus\u00e4tzliche Lernmaterialien und Support erh\u00e4ltst.<\/p>\n\n\n\n<p>Viele Piloten entscheiden sich f\u00fcr einen zertifizierten Online-Kurs, da dieser flexibel, anerkannt und deutlich g\u00fcnstiger als Pr\u00e4senzschulungen ist.<\/p>\n\n\n\n<p>\ud83d\udc49 Mehr Infos zum Drohnenkurs findest du hier:<br><a href=\"https:\/\/ozgurfly.de\/tr\/drohnenkurs-a2-online\/\">Drohnenkurs A2 online \u2013 Anbieter, Kosten &amp; Pr\u00fcfung<\/a><\/p>\n\n\n<style>.wp-block-kadence-column.kb-section-dir-horizontal > .kt-inside-inner-col > .kt-info-box666_238c46-18 .kt-blocks-info-box-link-wrap{max-width:unset;}.kt-info-box666_238c46-18 .kt-blocks-info-box-link-wrap{padding-top:var(--global-kb-spacing-xs, 1rem);padding-right:var(--global-kb-spacing-xs, 1rem);padding-bottom:var(--global-kb-spacing-xs, 1rem);padding-left:var(--global-kb-spacing-xs, 1rem);}.kt-info-box666_238c46-18 .kadence-info-box-icon-container .kt-info-svg-icon, .kt-info-box666_238c46-18 .kt-info-svg-icon-flip, .kt-info-box666_238c46-18 .kt-blocks-info-box-number{font-size:50px;}.kt-info-box666_238c46-18 .kt-blocks-info-box-media{border-top-width:0px;border-right-width:0px;border-bottom-width:0px;border-left-width:0px;padding-top:10px;padding-right:10px;padding-bottom:10px;padding-left:10px;}.kt-info-box666_238c46-18 .kt-blocks-info-box-media-container{margin-top:0px;margin-right:15px;margin-bottom:0px;margin-left:15px;}.kt-info-box666_238c46-18 .kt-blocks-info-box-learnmore{background:transparent;border-width:0px 0px 0px 0px;padding-top:4px;padding-right:8px;padding-bottom:4px;padding-left:8px;margin-top:10px;margin-right:0px;margin-bottom:10px;margin-left:0px;}<\/style>\n<div class=\"wp-block-kadence-infobox kt-info-box666_238c46-18\"><span class=\"kt-blocks-info-box-link-wrap info-box-link kt-blocks-info-box-media-align-top kt-info-halign-center\"><div class=\"kt-blocks-info-box-media-container\"><div class=\"kt-blocks-info-box-media kt-info-media-animate-none\"><div class=\"kadence-info-box-icon-container kt-info-icon-animate-none\"><div class=\"kadence-info-box-icon-inner-container\"><span class=\"kb-svg-icon-wrap kb-svg-icon-fe_aperture kt-info-svg-icon\"><svg viewbox=\"0 0 24 24\"  fill=\"none\" stroke=\"currentColor\" stroke-width=\"2\" stroke-linecap=\"round\" stroke-linejoin=\"round\" xmlns=\"http:\/\/www.w3.org\/2000\/svg\"  aria-hidden=\"true\"><circle cx=\"12\" cy=\"12\" r=\"10\"\/><line x1=\"14.31\" y1=\"8\" x2=\"20.05\" y2=\"17.94\"\/><line x1=\"9.69\" y1=\"8\" x2=\"21.17\" y2=\"8\"\/><line x1=\"7.38\" y1=\"12\" x2=\"13.12\" y2=\"2.06\"\/><line x1=\"9.69\" y1=\"16\" x2=\"3.95\" y2=\"6.06\"\/><line x1=\"14.31\" y1=\"16\" x2=\"2.83\" y2=\"16\"\/><line x1=\"16.62\" y1=\"12\" x2=\"10.88\" y2=\"21.94\"\/><\/svg><\/span><\/div><\/div><\/div><\/div><div class=\"kt-infobox-textcontent\"><h2 class=\"kt-blocks-info-box-title\">Unsere Empfehlung f\u00fcr den A2-Drohnenf\u00fchrerschein (2026)<\/h2><p class=\"kt-blocks-info-box-text\">Ein besonders beliebter und anerkannter Weg ist der Online-A2-Kurs von DroneClass. Der Kurs ist offiziell anerkannt, flexibel durchf\u00fchrbar und ideal f\u00fcr Einsteiger sowie Fortgeschrittene.<\/p><\/div><\/span><\/div>\n\n\n\n<p><\/p>\n\n\n<style>.wp-block-kadence-advancedbtn.kb-btns666_037742-1b{gap:var(--global-kb-gap-xs, 0.5rem );justify-content:center;align-items:center;}.kt-btns666_037742-1b .kt-button{font-weight:normal;font-style:normal;}.kt-btns666_037742-1b .kt-btn-wrap-0{margin-right:5px;}.wp-block-kadence-advancedbtn.kt-btns666_037742-1b .kt-btn-wrap-0 .kt-button{color:#555555;border-color:#555555;}.wp-block-kadence-advancedbtn.kt-btns666_037742-1b .kt-btn-wrap-0 .kt-button:hover, .wp-block-kadence-advancedbtn.kt-btns666_037742-1b .kt-btn-wrap-0 .kt-button:focus{color:#ffffff;border-color:#444444;}.wp-block-kadence-advancedbtn.kt-btns666_037742-1b .kt-btn-wrap-0 .kt-button::before{display:none;}.wp-block-kadence-advancedbtn.kt-btns666_037742-1b .kt-btn-wrap-0 .kt-button:hover, .wp-block-kadence-advancedbtn.kt-btns666_037742-1b .kt-btn-wrap-0 .kt-button:focus{background:#444444;}<\/style>\n<div class=\"wp-block-kadence-advancedbtn kb-buttons-wrap kb-btns666_037742-1b\"><style>ul.menu .wp-block-kadence-advancedbtn .kb-btn666_433fab-ea.kb-button{width:initial;}<\/style><a class=\"kb-button kt-button button kb-btn666_433fab-ea kt-btn-size-standard kt-btn-width-type-auto kb-btn-global-outline  kt-btn-has-text-true kt-btn-has-svg-false  wp-block-kadence-singlebtn\" href=\"https:\/\/eudrohnenpruefung.de\/?ref=bwzrbumq\" target=\"_blank\" rel=\"noopener\"><span class=\"kt-btn-inner-text\">Droneclass<\/span><\/a><\/div>\n\n\n\n<p>Viele angehende Drohnenpiloten fragen sich nicht nur, was der A2 kostet, sondern auch, ob man damit <a href=\"https:\/\/ozgurfly.de\/tr\/mit-drohnenschein-a2-geld-verdienen\/\">Geld verdienen kann<\/a>.<\/p>\n\n\n\n<p><\/p>","protected":false},"excerpt":{"rendered":"<p>Drohnenf\u00fchrerschein A2: Kosten, Dauer &amp; Pr\u00fcfung Der Drohnenf\u00fchrerschein A2 ist f\u00fcr viele Drohnenpiloten in Deutschland Pflicht \u2013 besonders f\u00fcr Fl\u00fcge mit schwereren Drohnen oder n\u00e4her an Menschen. Doch wie hoch sind die Kosten wirklich? Wie lange dauert der Kurs und welche Pr\u00fcfung erwartet dich? In diesem Artikel findest du eine klare \u00dcbersicht zu den aktuellen&#8230;<\/p>","protected":false},"author":1,"featured_media":0,"parent":0,"menu_order":0,"comment_status":"closed","ping_status":"closed","template":"","meta":{"_kadence_starter_templates_imported_post":false,"_kad_post_transparent":"disable","_kad_post_title":"default","_kad_post_layout":"normal","_kad_post_sidebar_id":"","_kad_post_content_style":"boxed","_kad_post_vertical_padding":"","_kad_post_feature":"","_kad_post_feature_position":"","_kad_post_header":false,"_kad_post_footer":false,"_kad_post_classname":"","footnotes":""},"class_list":["post-666","page","type-page","status-publish","hentry"],"_links":{"self":[{"href":"https:\/\/ozgurfly.de\/tr\/wp-json\/wp\/v2\/pages\/666","targetHints":{"allow":["GET"]}}],"collection":[{"href":"https:\/\/ozgurfly.de\/tr\/wp-json\/wp\/v2\/pages"}],"about":[{"href":"https:\/\/ozgurfly.de\/tr\/wp-json\/wp\/v2\/types\/page"}],"author":[{"embeddable":true,"href":"https:\/\/ozgurfly.de\/tr\/wp-json\/wp\/v2\/users\/1"}],"replies":[{"embeddable":true,"href":"https:\/\/ozgurfly.de\/tr\/wp-json\/wp\/v2\/comments?post=666"}],"version-history":[{"count":7,"href":"https:\/\/ozgurfly.de\/tr\/wp-json\/wp\/v2\/pages\/666\/revisions"}],"predecessor-version":[{"id":793,"href":"https:\/\/ozgurfly.de\/tr\/wp-json\/wp\/v2\/pages\/666\/revisions\/793"}],"wp:attachment":[{"href":"https:\/\/ozgurfly.de\/tr\/wp-json\/wp\/v2\/media?parent=666"}],"curies":[{"name":"wp","href":"https:\/\/api.w.org\/{rel}","templated":true}]}}