{"id":627,"date":"2026-01-14T23:05:55","date_gmt":"2026-01-14T22:05:55","guid":{"rendered":"https:\/\/ozgurfly.de\/?page_id=627"},"modified":"2026-03-15T02:41:23","modified_gmt":"2026-03-15T01:41:23","slug":"drohnenfuehrerschein-a1-a3-kosten-dauer-pruefung-2025","status":"publish","type":"page","link":"https:\/\/ozgurfly.de\/tr\/drohnenfuehrerschein-a1-a3-kosten-dauer-pruefung-2025\/","title":{"rendered":"Drohnenf\u00fchrerschein A1 A3 \u2013 Kosten, Dauer &amp; Pr\u00fcfung (2025)"},"content":{"rendered":"<h2 class=\"wp-block-heading\">Was ist der Drohnenf\u00fchrerschein A1 A3?<\/h2>\n\n\n\n<p>Der <strong>Drohnenf\u00fchrerschein A1\/A3<\/strong> ist der <strong>Einstieg<\/strong> f\u00fcr alle, die in der EU legal mit einer Drohne fliegen m\u00f6chten.<br>Er ist <strong>Pflicht<\/strong> f\u00fcr die meisten Drohnenpiloten \u2013 egal ob privat oder gewerblich.<\/p>\n\n\n\n<div class=\"wp-block-group has-theme-palette-7-background-color has-background\"><div class=\"wp-block-group__inner-container is-layout-constrained wp-block-group-is-layout-constrained\">\n<h2 class=\"wp-block-heading\">Wann lohnt sich der A2 Drohnenf\u00fchrerschein?<\/h2>\n\n\n\n<p>Viele Drohnenpiloten beginnen mit dem A1\/A3 Drohnenf\u00fchrerschein.<br>Wer jedoch n\u00e4her an Menschen fliegen oder Drohnen beruflich nutzen m\u00f6chte, braucht h\u00e4ufig den A2 Drohnenf\u00fchrerschein.<\/p>\n\n\n\n<p>\ud83d\udc49 Hier erf\u00e4hrst du alles \u00fcber Kosten, Pr\u00fcfung und Anbieter des A2 Drohnenf\u00fchrerscheins.<\/p>\n\n\n<style>.wp-block-kadence-advancedbtn.kb-btns627_519cb6-54{gap:var(--global-kb-gap-xs, 0.5rem );justify-content:flex-start;align-items:center;}.kt-btns627_519cb6-54 .kt-button{font-weight:normal;font-style:normal;}.kt-btns627_519cb6-54 .kt-btn-wrap-0{margin-right:5px;}.wp-block-kadence-advancedbtn.kt-btns627_519cb6-54 .kt-btn-wrap-0 .kt-button{color:#555555;border-color:#555555;}.wp-block-kadence-advancedbtn.kt-btns627_519cb6-54 .kt-btn-wrap-0 .kt-button:hover, .wp-block-kadence-advancedbtn.kt-btns627_519cb6-54 .kt-btn-wrap-0 .kt-button:focus{color:#ffffff;border-color:#444444;}.wp-block-kadence-advancedbtn.kt-btns627_519cb6-54 .kt-btn-wrap-0 .kt-button::before{display:none;}.wp-block-kadence-advancedbtn.kt-btns627_519cb6-54 .kt-btn-wrap-0 .kt-button:hover, .wp-block-kadence-advancedbtn.kt-btns627_519cb6-54 .kt-btn-wrap-0 .kt-button:focus{background:#444444;}<\/style>\n<div class=\"wp-block-kadence-advancedbtn kb-buttons-wrap kb-btns627_519cb6-54\"><style>ul.menu .wp-block-kadence-advancedbtn .kb-btn627_d85198-1c.kb-button{width:initial;}<\/style><a class=\"kb-button kt-button button kb-btn627_d85198-1c kt-btn-size-standard kt-btn-width-type-auto kb-btn-global-outline  kt-btn-has-text-true kt-btn-has-svg-false  wp-block-kadence-singlebtn\" href=\"https:\/\/ozgurfly.de\/tr\/drohnenfuehrerschein-a2-kosten-2\/\"><span class=\"kt-btn-inner-text\">A2 Drohnenf\u00fchrerschein Kosten<\/span><\/a><\/div>\n<\/div><\/div>\n\n\n\n<h2 class=\"wp-block-heading\">Wer braucht den A1\/A3-Drohnenf\u00fchrerschein?<\/h2>\n\n\n\n<p>Du brauchst A1\/A3, wenn:<\/p>\n\n\n\n<ul class=\"wp-block-list\">\n<li>deine Drohne <strong>\u00fcber 250 g<\/strong> wiegt<\/li>\n\n\n\n<li>deine Drohne eine <strong>Kamera<\/strong> hat<\/li>\n\n\n\n<li>du in der <strong>EU<\/strong> fliegen m\u00f6chtest<\/li>\n<\/ul>\n\n\n\n<p>\ud83d\udc49 F\u00fcr die meisten Piloten ist A1\/A3 der <strong>erste und wichtigste Schritt<\/strong>.<\/p>\n\n\n\n<h2 class=\"wp-block-heading\"><strong>Kosten f\u00fcr den Drohnenf\u00fchrerschein A1\/A3 (2025)<\/strong><\/h2>\n\n\n\n<p>Die Kosten sind vergleichsweise gering, unterscheiden sich aber je nach Anbieter.<\/p>\n\n\n\n<p><strong>Typische Kosten:<\/strong><\/p>\n\n\n\n<ul class=\"wp-block-list\">\n<li>Onlinekurs &amp; Pr\u00fcfung: <strong>ca. 30\u201360 \u20ac<\/strong><\/li>\n\n\n\n<li>Keine praktische Pr\u00fcfung<\/li>\n\n\n\n<li>Ergebnis oft <strong>sofort verf\u00fcgbar<\/strong><\/li>\n<\/ul>\n\n\n\n<p>\u26a0\ufe0f Achtung: Manche Angebote wirken g\u00fcnstig, sind aber un\u00fcbersichtlich oder schlecht erkl\u00e4rt.<\/p>\n\n\n\n<h2 class=\"wp-block-heading\">Wie l\u00e4uft die A1\/A3-Pr\u00fcfung ab?<\/h2>\n\n\n\n<p>Die Pr\u00fcfung ist <strong>theoretisch<\/strong> und wird online abgelegt.<\/p>\n\n\n\n<p>Themen:<\/p>\n\n\n\n<ul class=\"wp-block-list\">\n<li>EU-Drohnenrecht<\/li>\n\n\n\n<li>Sicherheit &amp; Datenschutz<\/li>\n\n\n\n<li>Luftr\u00e4ume<\/li>\n\n\n\n<li>Verantwortungsbewusstes Fliegen<\/li>\n<\/ul>\n\n\n\n<p>Mit guter Vorbereitung ist die Pr\u00fcfung <strong>leicht zu bestehen<\/strong>.<\/p>\n\n\n\n<h2 class=\"wp-block-heading\">Wie lange dauert es, A1\/A3 zu machen?<\/h2>\n\n\n\n<ul class=\"wp-block-list\">\n<li>Lernzeit: <strong>1\u20132 Tage<\/strong><\/li>\n\n\n\n<li>Pr\u00fcfung: online<\/li>\n\n\n\n<li>Zertifikat: oft <strong>am selben Tag<\/strong><\/li>\n<\/ul>\n\n\n\n<p>\u27a1\ufe0f Ideal f\u00fcr alle, die <strong>schnell und legal<\/strong> starten wollen.<\/p>\n\n\n\n<p><\/p>\n\n\n\n<h2 class=\"wp-block-heading\">Seri\u00f6se Anbieter f\u00fcr A1\/A3 erkennen<\/h2>\n\n\n\n<p>Ein seri\u00f6ser Anbieter:<\/p>\n\n\n\n<ul class=\"wp-block-list\">\n<li>ist <strong>EU-weit anerkannt<\/strong><\/li>\n\n\n\n<li>erkl\u00e4rt die Inhalte verst\u00e4ndlich<\/li>\n\n\n\n<li>hat transparente Preise<\/li>\n\n\n\n<li>bietet klare Anleitungen zur Pr\u00fcfung<\/li>\n<\/ul>\n\n\n\n<p>Nicht jeder Kurs ist gleich gut.<\/p>\n\n\n\n<h2 class=\"wp-block-heading\"><strong>A1\/A3-Kurse vergleichen &amp; direkt starten<\/strong><\/h2>\n\n\n\n<p>Hier kannst du <strong>seri\u00f6se A1\/A3-Anbieter vergleichen<\/strong><br>und direkt den passenden Kurs ausw\u00e4hlen:<\/p>\n\n\n<style>.wp-block-kadence-advancedbtn.kb-btns627_02ecd9-3d{gap:var(--global-kb-gap-xs, 0.5rem );justify-content:flex-start;align-items:center;}.kt-btns627_02ecd9-3d .kt-button{font-weight:normal;font-style:normal;}.kt-btns627_02ecd9-3d .kt-btn-wrap-0{margin-right:5px;}.wp-block-kadence-advancedbtn.kt-btns627_02ecd9-3d .kt-btn-wrap-0 .kt-button{color:#555555;border-color:#555555;}.wp-block-kadence-advancedbtn.kt-btns627_02ecd9-3d .kt-btn-wrap-0 .kt-button:hover, .wp-block-kadence-advancedbtn.kt-btns627_02ecd9-3d .kt-btn-wrap-0 .kt-button:focus{color:#ffffff;border-color:#444444;}.wp-block-kadence-advancedbtn.kt-btns627_02ecd9-3d .kt-btn-wrap-0 .kt-button::before{display:none;}.wp-block-kadence-advancedbtn.kt-btns627_02ecd9-3d .kt-btn-wrap-0 .kt-button:hover, .wp-block-kadence-advancedbtn.kt-btns627_02ecd9-3d .kt-btn-wrap-0 .kt-button:focus{background:#444444;}<\/style>\n<div class=\"wp-block-kadence-advancedbtn kb-buttons-wrap kb-btns627_02ecd9-3d\"><style>ul.menu .wp-block-kadence-advancedbtn .kb-btn627_ad8db4-b1.kb-button{width:initial;}<\/style><a class=\"kb-button kt-button button kb-btn627_ad8db4-b1 kt-btn-size-standard kt-btn-width-type-auto kb-btn-global-fill  kt-btn-has-text-true kt-btn-has-svg-false  wp-block-kadence-singlebtn\" href=\"https:\/\/eudrohnenpruefung.de\/?ref=bwzrbumq\" target=\"_blank\" rel=\"noreferrer noopener\"><span class=\"kt-btn-inner-text\">jetzt a1\/a3-Kurse vergleichen<\/span><\/a><\/div>\n\n\n\n<p><em>(neutraler Vergleich \u2013 du entscheidest selbst)<\/em><\/p>\n\n\n\n<h2 class=\"wp-block-heading\">Wie schwer ist die A1\/A3 Drohnenpr\u00fcfung?<\/h2>\n\n\n\n<p>Die Pr\u00fcfung f\u00fcr den Drohnenf\u00fchrerschein A1\/A3 gilt als relativ einfach.<br>Sie besteht aus einem Online-Test mit Multiple-Choice-Fragen zu Themen wie Luftrecht, Sicherheit und Datenschutz.<\/p>\n\n\n\n<p>Viele Anbieter bieten Vorbereitungskurse an, sodass die meisten Teilnehmer die Pr\u00fcfung bereits beim ersten Versuch bestehen.<\/p>\n\n\n\n<p>Wichtig ist vor allem, die Grundlagen des sicheren Drohnenflugs zu verstehen.<\/p>\n\n\n\n<h2 class=\"wp-block-heading\">Welche Drohnen darf man mit A1\/A3 fliegen?<\/h2>\n\n\n\n<p>Mit dem Drohnenf\u00fchrerschein A1\/A3 d\u00fcrfen viele Freizeitdrohnen geflogen werden.<br>Besonders beliebt sind leichte Drohnen unter 250 Gramm wie die DJI Mini Serie.<\/p>\n\n\n\n<p>Diese Drohnen d\u00fcrfen in vielen F\u00e4llen auch n\u00e4her an Menschen geflogen werden, solange alle Sicherheitsregeln eingehalten werden.<\/p>\n\n\n\n<p>F\u00fcr schwerere Drohnen oder f\u00fcr Fl\u00fcge n\u00e4her an Menschen kann jedoch der A2 Drohnenf\u00fchrerschein erforderlich sein.<\/p>\n\n\n\n<h2 class=\"wp-block-heading\">H\u00e4ufige Fragen zu A1\/A3<\/h2>\n\n\n\n<h3 class=\"wp-block-heading\">Ist A1\/A3 Pflicht?<\/h3>\n\n\n\n<p>Ja \u2013 f\u00fcr die meisten Drohnen mit Kamera oder \u00fcber 250 g.<\/p>\n\n\n\n<h3 class=\"wp-block-heading\">Gilt der F\u00fchrerschein europaweit?<\/h3>\n\n\n\n<p>Ja, <strong>EU-weit g\u00fcltig<\/strong>.<\/p>\n\n\n\n<h3 class=\"wp-block-heading\">Brauche ich danach noch A2?<\/h3>\n\n\n\n<p>F\u00fcr viele Anwendungen ja \u2013 A2 bietet <strong>mehr Freiheit<\/strong> beim Fliegen.<\/p>\n\n\n\n<h2 class=\"wp-block-heading\">Was kostet der Drohnenf\u00fchrerschein?<\/h2>\n\n\n\n<p>Die Kosten f\u00fcr den Drohnenf\u00fchrerschein h\u00e4ngen davon ab, welche Kategorie du ben\u00f6tigst.<\/p>\n\n\n\n<p>Der A1\/A3 Drohnenf\u00fchrerschein ist oft g\u00fcnstiger und wird h\u00e4ufig kostenlos oder f\u00fcr einen kleinen Betrag angeboten.<\/p>\n\n\n\n<p>Der A2 Drohnenf\u00fchrerschein kostet dagegen meist zwischen 80 und 200 Euro, je nach Anbieter und Vorbereitungskurs.<\/p>\n\n\n\n<p>Viele Drohnenpiloten beginnen mit A1\/A3 und entscheiden sich sp\u00e4ter f\u00fcr den A2 Drohnenf\u00fchrerschein, wenn sie n\u00e4her an Menschen fliegen oder Drohnen beruflich nutzen m\u00f6chten.<\/p>\n\n\n\n<p>Alle Details zu den Kosten und zur Pr\u00fcfung findest du hier:<\/p>\n\n\n<style>.wp-block-kadence-advancedbtn.kb-btns627_39e43c-26{gap:var(--global-kb-gap-xs, 0.5rem );justify-content:flex-start;align-items:center;}.kt-btns627_39e43c-26 .kt-button{font-weight:normal;font-style:normal;}.kt-btns627_39e43c-26 .kt-btn-wrap-0{margin-right:5px;}.wp-block-kadence-advancedbtn.kt-btns627_39e43c-26 .kt-btn-wrap-0 .kt-button{color:#555555;border-color:#555555;}.wp-block-kadence-advancedbtn.kt-btns627_39e43c-26 .kt-btn-wrap-0 .kt-button:hover, .wp-block-kadence-advancedbtn.kt-btns627_39e43c-26 .kt-btn-wrap-0 .kt-button:focus{color:#ffffff;border-color:#444444;}.wp-block-kadence-advancedbtn.kt-btns627_39e43c-26 .kt-btn-wrap-0 .kt-button::before{display:none;}.wp-block-kadence-advancedbtn.kt-btns627_39e43c-26 .kt-btn-wrap-0 .kt-button:hover, .wp-block-kadence-advancedbtn.kt-btns627_39e43c-26 .kt-btn-wrap-0 .kt-button:focus{background:#444444;}<\/style>\n<div class=\"wp-block-kadence-advancedbtn kb-buttons-wrap kb-btns627_39e43c-26\"><style>ul.menu .wp-block-kadence-advancedbtn .kb-btn627_f9e40f-82.kb-button{width:initial;}<\/style><a class=\"kb-button kt-button button kb-btn627_f9e40f-82 kt-btn-size-standard kt-btn-width-type-auto kb-btn-global-outline  kt-btn-has-text-true kt-btn-has-svg-false  wp-block-kadence-singlebtn\" href=\"https:\/\/ozgurfly.de\/tr\/drohnenfuehrerschein-a2-kosten-2\/\"><span class=\"kt-btn-inner-text\">A2 Drohnenf\u00fchrerschein Kosten<\/span><\/a><\/div>\n\n\n\n<h2 class=\"wp-block-heading\">Fazit<\/h2>\n\n\n\n<p>Der Drohnenf\u00fchrerschein <strong>A1\/A3<\/strong> ist der <strong>Grundstein<\/strong> f\u00fcr legales Fliegen in der EU.<br>Schnell, g\u00fcnstig und unverzichtbar.<br><br>Wer beruflich mit Drohnen arbeiten m\u00f6chte, sollte sich auch den A2 Drohnenf\u00fchrerschein ansehen.<\/p>\n\n\n\n<p>\ud83d\udc49 <strong>Vergleiche jetzt seri\u00f6se Anbieter und starte direkt:<\/strong><\/p>\n\n\n<style>.wp-block-kadence-advancedbtn.kb-btns627_6146a4-e8{gap:var(--global-kb-gap-xs, 0.5rem );justify-content:flex-start;align-items:center;}.kt-btns627_6146a4-e8 .kt-button{font-weight:normal;font-style:normal;}.kt-btns627_6146a4-e8 .kt-btn-wrap-0{margin-right:5px;}.wp-block-kadence-advancedbtn.kt-btns627_6146a4-e8 .kt-btn-wrap-0 .kt-button{color:#555555;border-color:#555555;}.wp-block-kadence-advancedbtn.kt-btns627_6146a4-e8 .kt-btn-wrap-0 .kt-button:hover, .wp-block-kadence-advancedbtn.kt-btns627_6146a4-e8 .kt-btn-wrap-0 .kt-button:focus{color:#ffffff;border-color:#444444;}.wp-block-kadence-advancedbtn.kt-btns627_6146a4-e8 .kt-btn-wrap-0 .kt-button::before{display:none;}.wp-block-kadence-advancedbtn.kt-btns627_6146a4-e8 .kt-btn-wrap-0 .kt-button:hover, .wp-block-kadence-advancedbtn.kt-btns627_6146a4-e8 .kt-btn-wrap-0 .kt-button:focus{background:#444444;}<\/style>\n<div class=\"wp-block-kadence-advancedbtn kb-buttons-wrap kb-btns627_6146a4-e8\"><style>ul.menu .wp-block-kadence-advancedbtn .kb-btn627_ed0526-1a.kb-button{width:initial;}<\/style><a class=\"kb-button kt-button button kb-btn627_ed0526-1a kt-btn-size-standard kt-btn-width-type-auto kb-btn-global-fill  kt-btn-has-text-true kt-btn-has-svg-false  wp-block-kadence-singlebtn\" href=\"https:\/\/eudrohnenpruefung.de\/?ref=bwzrbumq\" target=\"_blank\" rel=\"noreferrer noopener\"><span class=\"kt-btn-inner-text\">a1\/a3-Kurse vergleichen<\/span><\/a><\/div>\n\n\n\n<p><a href=\"https:\/\/ozgurfly.de\/tr\/drohnenfuehrerschein-a2-kosten-dauer-pruefung-2025\/\">\ud83d\udc49 <strong>F\u00fcr gr\u00f6\u00dfere Drohnen: A2-F\u00fchrerschein vergleichen<\/strong><\/a><\/p>\n\n\n\n<p><\/p>","protected":false},"excerpt":{"rendered":"<p>Was ist der Drohnenf\u00fchrerschein A1 A3? Der Drohnenf\u00fchrerschein A1\/A3 ist der Einstieg f\u00fcr alle, die in der EU legal mit einer Drohne fliegen m\u00f6chten.Er ist Pflicht f\u00fcr die meisten Drohnenpiloten \u2013 egal ob privat oder gewerblich. Wann lohnt sich der A2 Drohnenf\u00fchrerschein? Viele Drohnenpiloten beginnen mit dem A1\/A3 Drohnenf\u00fchrerschein.Wer jedoch n\u00e4her an Menschen fliegen oder&#8230;<\/p>","protected":false},"author":1,"featured_media":0,"parent":0,"menu_order":0,"comment_status":"closed","ping_status":"closed","template":"","meta":{"_kadence_starter_templates_imported_post":false,"_kad_post_transparent":"disable","_kad_post_title":"","_kad_post_layout":"normal","_kad_post_sidebar_id":"","_kad_post_content_style":"","_kad_post_vertical_padding":"","_kad_post_feature":"","_kad_post_feature_position":"","_kad_post_header":false,"_kad_post_footer":false,"_kad_post_classname":"","footnotes":""},"class_list":["post-627","page","type-page","status-publish","hentry"],"_links":{"self":[{"href":"https:\/\/ozgurfly.de\/tr\/wp-json\/wp\/v2\/pages\/627","targetHints":{"allow":["GET"]}}],"collection":[{"href":"https:\/\/ozgurfly.de\/tr\/wp-json\/wp\/v2\/pages"}],"about":[{"href":"https:\/\/ozgurfly.de\/tr\/wp-json\/wp\/v2\/types\/page"}],"author":[{"embeddable":true,"href":"https:\/\/ozgurfly.de\/tr\/wp-json\/wp\/v2\/users\/1"}],"replies":[{"embeddable":true,"href":"https:\/\/ozgurfly.de\/tr\/wp-json\/wp\/v2\/comments?post=627"}],"version-history":[{"count":10,"href":"https:\/\/ozgurfly.de\/tr\/wp-json\/wp\/v2\/pages\/627\/revisions"}],"predecessor-version":[{"id":732,"href":"https:\/\/ozgurfly.de\/tr\/wp-json\/wp\/v2\/pages\/627\/revisions\/732"}],"wp:attachment":[{"href":"https:\/\/ozgurfly.de\/tr\/wp-json\/wp\/v2\/media?parent=627"}],"curies":[{"name":"wp","href":"https:\/\/api.w.org\/{rel}","templated":true}]}}