{"id":579,"date":"2025-12-16T00:37:06","date_gmt":"2025-12-15T23:37:06","guid":{"rendered":"https:\/\/ozgurfly.de\/?page_id=579"},"modified":"2025-12-16T02:05:51","modified_gmt":"2025-12-16T01:05:51","slug":"impressum","status":"publish","type":"page","link":"https:\/\/ozgurfly.de\/tr\/impressum\/","title":{"rendered":"Impressum"},"content":{"rendered":"<h3 class=\"wp-block-heading\">Impressum<\/h3>\n\n\n\n<p>Angaben gem\u00e4\u00df \u00a7 5 TMG<\/p>\n\n\n\n<p><strong>\u00d6ZG\u00dcRFLY<\/strong><br>Kader G\u00fcl<br>Stadtplatz 30<br>84478 Waldkraiburg<br>Deutschland<\/p>\n\n\n\n<p><strong>Kontakt:<\/strong><br>E-Mail: <a href=\"mailto:info@ozgurfly.de\">info@ozgurfly.de<\/a><\/p>\n\n\n\n<p><strong>Haftung f\u00fcr Inhalte<\/strong><br>Als Diensteanbieter sind wir gem\u00e4\u00df \u00a7 7 Abs.1 TMG f\u00fcr eigene Inhalte auf diesen Seiten nach den allgemeinen Gesetzen verantwortlich.<br>Nach \u00a7\u00a7 8 bis 10 TMG sind wir als Diensteanbieter jedoch nicht verpflichtet, \u00fcbermittelte oder gespeicherte fremde Informationen zu \u00fcberwachen.<\/p>\n\n\n\n<p><strong>Haftung f\u00fcr Links<\/strong><br>Unser Angebot enth\u00e4lt Links zu externen Websites Dritter, auf deren Inhalte wir keinen Einfluss haben.<br>Deshalb k\u00f6nnen wir f\u00fcr diese fremden Inhalte auch keine Gew\u00e4hr \u00fcbernehmen.<\/p>\n\n\n\n<p><strong>Affiliate-Hinweis<\/strong><br>\u00d6ZG\u00dcRFLY ist eine unabh\u00e4ngige Informationsplattform.<br>Einige Links auf dieser Website sind sogenannte Affiliate-Links.<br>Beim Klick auf diese Links entstehen f\u00fcr dich keine zus\u00e4tzlichen Kosten.<\/p>","protected":false},"excerpt":{"rendered":"<p>Impressum Angaben gem\u00e4\u00df \u00a7 5 TMG \u00d6ZG\u00dcRFLYKader G\u00fclStadtplatz 3084478 WaldkraiburgDeutschland Kontakt:E-Mail: info@ozgurfly.de Haftung f\u00fcr InhalteAls Diensteanbieter sind wir gem\u00e4\u00df \u00a7 7 Abs.1 TMG f\u00fcr eigene Inhalte auf diesen Seiten nach den allgemeinen Gesetzen verantwortlich.Nach \u00a7\u00a7 8 bis 10 TMG sind wir als Diensteanbieter jedoch nicht verpflichtet, \u00fcbermittelte oder gespeicherte fremde Informationen zu \u00fcberwachen. Haftung f\u00fcr&#8230;<\/p>","protected":false},"author":1,"featured_media":0,"parent":0,"menu_order":0,"comment_status":"closed","ping_status":"closed","template":"","meta":{"_kadence_starter_templates_imported_post":false,"_kad_post_transparent":"disable","_kad_post_title":"","_kad_post_layout":"normal","_kad_post_sidebar_id":"","_kad_post_content_style":"boxed","_kad_post_vertical_padding":"","_kad_post_feature":"","_kad_post_feature_position":"","_kad_post_header":false,"_kad_post_footer":false,"_kad_post_classname":"","footnotes":""},"class_list":["post-579","page","type-page","status-publish","hentry"],"_links":{"self":[{"href":"https:\/\/ozgurfly.de\/tr\/wp-json\/wp\/v2\/pages\/579","targetHints":{"allow":["GET"]}}],"collection":[{"href":"https:\/\/ozgurfly.de\/tr\/wp-json\/wp\/v2\/pages"}],"about":[{"href":"https:\/\/ozgurfly.de\/tr\/wp-json\/wp\/v2\/types\/page"}],"author":[{"embeddable":true,"href":"https:\/\/ozgurfly.de\/tr\/wp-json\/wp\/v2\/users\/1"}],"replies":[{"embeddable":true,"href":"https:\/\/ozgurfly.de\/tr\/wp-json\/wp\/v2\/comments?post=579"}],"version-history":[{"count":3,"href":"https:\/\/ozgurfly.de\/tr\/wp-json\/wp\/v2\/pages\/579\/revisions"}],"predecessor-version":[{"id":593,"href":"https:\/\/ozgurfly.de\/tr\/wp-json\/wp\/v2\/pages\/579\/revisions\/593"}],"wp:attachment":[{"href":"https:\/\/ozgurfly.de\/tr\/wp-json\/wp\/v2\/media?parent=579"}],"curies":[{"name":"wp","href":"https:\/\/api.w.org\/{rel}","templated":true}]}}