{"id":568,"date":"2025-12-15T23:12:44","date_gmt":"2025-12-15T22:12:44","guid":{"rendered":"https:\/\/ozgurfly.de\/?page_id=568"},"modified":"2025-12-16T02:05:13","modified_gmt":"2025-12-16T01:05:13","slug":"kontakt","status":"publish","type":"page","link":"https:\/\/ozgurfly.de\/tr\/kontakt\/","title":{"rendered":"Kontakt"},"content":{"rendered":"<p>Hast du Fragen rund um den Drohnenschein oder bist dir unsicher, welcher Kurs f\u00fcr dich der richtige ist?<\/p>\n\n\n\n<p>\u00d6ZG\u00dcRFLY ist eine unabh\u00e4ngige Informationsplattform rund um Drohnenf\u00fchrerscheine in Deutschland.<br>Wir bieten <strong>keine eigenen Kurse<\/strong> an, helfen dir aber dabei, den passenden und anerkannten Anbieter zu finden.<\/p>\n\n\n\n<p>Du erreichst uns per E-Mail:<\/p>\n\n\n\n<p><strong><a href=\"mailto:info@ozgurfly.de\">info@ozgurfly.de<\/a><\/strong><\/p>\n\n\n\n<p>Wir bem\u00fchen uns, Anfragen zeitnah zu beantworten.<\/p>\n\n\n\n<p><strong>Hinweis:<\/strong><br>\u00d6ZG\u00dcRFLY ist kein Schulungsanbieter. Die Anmeldung zu Kursen erfolgt direkt \u00fcber zertifizierte Partnerseiten.<\/p>","protected":false},"excerpt":{"rendered":"<p>Hast du Fragen rund um den Drohnenschein oder bist dir unsicher, welcher Kurs f\u00fcr dich der richtige ist? \u00d6ZG\u00dcRFLY ist eine unabh\u00e4ngige Informationsplattform rund um Drohnenf\u00fchrerscheine in Deutschland.Wir bieten keine eigenen Kurse an, helfen dir aber dabei, den passenden und anerkannten Anbieter zu finden. Du erreichst uns per E-Mail: info@ozgurfly.de Wir bem\u00fchen uns, Anfragen zeitnah&#8230;<\/p>","protected":false},"author":1,"featured_media":0,"parent":0,"menu_order":0,"comment_status":"closed","ping_status":"closed","template":"","meta":{"_kadence_starter_templates_imported_post":false,"_kad_post_transparent":"disable","_kad_post_title":"","_kad_post_layout":"normal","_kad_post_sidebar_id":"","_kad_post_content_style":"boxed","_kad_post_vertical_padding":"","_kad_post_feature":"","_kad_post_feature_position":"","_kad_post_header":false,"_kad_post_footer":false,"_kad_post_classname":"","footnotes":""},"class_list":["post-568","page","type-page","status-publish","hentry"],"_links":{"self":[{"href":"https:\/\/ozgurfly.de\/tr\/wp-json\/wp\/v2\/pages\/568","targetHints":{"allow":["GET"]}}],"collection":[{"href":"https:\/\/ozgurfly.de\/tr\/wp-json\/wp\/v2\/pages"}],"about":[{"href":"https:\/\/ozgurfly.de\/tr\/wp-json\/wp\/v2\/types\/page"}],"author":[{"embeddable":true,"href":"https:\/\/ozgurfly.de\/tr\/wp-json\/wp\/v2\/users\/1"}],"replies":[{"embeddable":true,"href":"https:\/\/ozgurfly.de\/tr\/wp-json\/wp\/v2\/comments?post=568"}],"version-history":[{"count":4,"href":"https:\/\/ozgurfly.de\/tr\/wp-json\/wp\/v2\/pages\/568\/revisions"}],"predecessor-version":[{"id":592,"href":"https:\/\/ozgurfly.de\/tr\/wp-json\/wp\/v2\/pages\/568\/revisions\/592"}],"wp:attachment":[{"href":"https:\/\/ozgurfly.de\/tr\/wp-json\/wp\/v2\/media?parent=568"}],"curies":[{"name":"wp","href":"https:\/\/api.w.org\/{rel}","templated":true}]}}