{"id":550,"date":"2025-12-15T14:26:19","date_gmt":"2025-12-15T13:26:19","guid":{"rendered":"https:\/\/ozgurfly.de\/?page_id=550"},"modified":"2026-02-21T03:30:32","modified_gmt":"2026-02-21T02:30:32","slug":"a1-a3-oder-a2-welcher-drohnenschein-ist-pflicht","status":"publish","type":"page","link":"https:\/\/ozgurfly.de\/tr\/a1-a3-oder-a2-welcher-drohnenschein-ist-pflicht\/","title":{"rendered":"A1A3 oder A2 \u2013 Welcher Drohnenschein ist Pflicht?"},"content":{"rendered":"<h3 class=\"wp-block-heading\"><strong>A1\/A3 oder A2 \u2013 Welcher Drohnenschein ist Pflicht?<\/strong><\/h3>\n\n\n\n<p>Viele stellen sich die Frage: A1 A3 oder A2 \u2013 welcher Drohnenschein ist Pflicht?<\/p>\n\n\n\n<p>Die Antwort h\u00e4ngt davon ab, <strong>wo<\/strong>, <strong>wie nah an Menschen<\/strong> und <strong>zu welchem Zweck<\/strong> du fliegen willst.<\/p>\n\n\n\n<h3 class=\"wp-block-heading\"><strong>Wann reicht A1\/A3 aus?<\/strong><\/h3>\n\n\n\n<p>Der Drohnenschein <strong>A1\/A3<\/strong> ist der Einstieg und f\u00fcr viele Fl\u00fcge ausreichend.<\/p>\n\n\n\n<p><strong>Geeignet, wenn:<\/strong><\/p>\n\n\n\n<ul class=\"wp-block-list\">\n<li>du weiter entfernt von Menschen fliegst<\/li>\n\n\n\n<li>du privat oder gelegentlich gewerblich unterwegs bist<\/li>\n\n\n\n<li>du einen einfachen, rechtssicheren Start willst<\/li>\n<\/ul>\n\n\n\n<p>\ud83d\udc49 <strong>Pflicht f\u00fcr viele Einsteiger<\/strong> und der h\u00e4ufigste erste Schritt.<\/p>\n\n\n\n<h3 class=\"wp-block-heading\"><strong>Wann brauchst du zwingend den A2-Drohnenf\u00fchrerschein?<\/strong><\/h3>\n\n\n\n<p>Der <strong>A2-Drohnenschein<\/strong> wird ben\u00f6tigt, wenn du <strong>n\u00e4her an Menschen oder Geb\u00e4uden<\/strong> fliegen m\u00f6chtest.<\/p>\n\n\n\n<p><strong>Erforderlich, wenn:<\/strong><\/p>\n\n\n\n<ul class=\"wp-block-list\">\n<li>du professionell arbeitest<\/li>\n\n\n\n<li>du in bebauten Gebieten fliegst<\/li>\n\n\n\n<li>du regelm\u00e4\u00dfig Eins\u00e4tze planst<\/li>\n<\/ul>\n\n\n\n<p>Der A2-Kurs ist umfangreicher und erweitert deine Einsatzm\u00f6glichkeiten deutlich.<\/p>\n\n\n\n<h3 class=\"wp-block-heading\"><strong>A1 A3 oder A2 \u2013 Die wichtigsten Unterschiede<\/strong><\/h3>\n\n\n\n<ul class=\"wp-block-list\">\n<li><strong>A1\/A3:<\/strong> Einstieg, weniger Einschr\u00e4nkungen, g\u00fcnstiger<\/li>\n\n\n\n<li><strong>A2:<\/strong> mehr Verantwortung, mehr N\u00e4he, mehr M\u00f6glichkeiten<\/li>\n<\/ul>\n\n\n\n<p><strong>Kurz gesagt:<\/strong><\/p>\n\n\n\n<ul class=\"wp-block-list\">\n<li>Startest du neu \u2192 <strong>A1\/A3<\/strong><\/li>\n\n\n\n<li>Willst du mehr Freiheit &amp; N\u00e4he \u2192 <strong>A2<\/strong><\/li>\n<\/ul>\n\n\n\n<h3 class=\"wp-block-heading\"><strong>Welcher Drohnenschein ist Pflicht?<\/strong><\/h3>\n\n\n\n<p>In vielen F\u00e4llen ist <strong>A1\/A3 Pflicht<\/strong>, um \u00fcberhaupt legal fliegen zu d\u00fcrfen.<br><strong>A2 ist Pflicht<\/strong>, sobald du n\u00e4her an Menschen oder in sensibleren Bereichen fliegst.<\/p>\n\n\n\n<h3 class=\"wp-block-heading\"><strong>Wo kann man A1\/A3 und A2 machen?<\/strong><\/h3>\n\n\n\n<p>Beide Drohnenscheine k\u00f6nnen bei <strong>zertifizierten Anbietern<\/strong> online vorbereitet werden.<\/p>\n\n\n\n<p>\ud83d\udc49 <strong>Hier findest du einen anerkannten Anbieter f\u00fcr A1\/A3 &amp; A2:<\/strong><\/p>\n\n\n<style>.wp-block-kadence-advancedbtn.kb-btns550_005832-e6{gap:var(--global-kb-gap-xs, 0.5rem );justify-content:flex-start;align-items:center;}.kt-btns550_005832-e6 .kt-button{font-weight:normal;font-style:normal;}.kt-btns550_005832-e6 .kt-btn-wrap-0{margin-right:5px;}.wp-block-kadence-advancedbtn.kt-btns550_005832-e6 .kt-btn-wrap-0 .kt-button{color:#555555;border-color:#555555;}.wp-block-kadence-advancedbtn.kt-btns550_005832-e6 .kt-btn-wrap-0 .kt-button:hover, .wp-block-kadence-advancedbtn.kt-btns550_005832-e6 .kt-btn-wrap-0 .kt-button:focus{color:#ffffff;border-color:#444444;}.wp-block-kadence-advancedbtn.kt-btns550_005832-e6 .kt-btn-wrap-0 .kt-button::before{display:none;}.wp-block-kadence-advancedbtn.kt-btns550_005832-e6 .kt-btn-wrap-0 .kt-button:hover, .wp-block-kadence-advancedbtn.kt-btns550_005832-e6 .kt-btn-wrap-0 .kt-button:focus{background:#444444;}<\/style>\n<div class=\"wp-block-kadence-advancedbtn kb-buttons-wrap kb-btns550_005832-e6\"><style>ul.menu .wp-block-kadence-advancedbtn .kb-btn550_771d67-c6.kb-button{width:initial;}<\/style><a class=\"kb-button kt-button button kb-btn550_771d67-c6 kt-btn-size-standard kt-btn-width-type-auto kb-btn-global-outline  kt-btn-has-text-true kt-btn-has-svg-false  wp-block-kadence-singlebtn\" href=\"https:\/\/eudrohnenpruefung.de\/?ref=bwzrbumq\" rel=\" nofollow sponsored noopener\" target=\"_blank\"><span class=\"kt-btn-inner-text\">anbieter<\/span><\/a><\/div>\n\n\n\n<h3 class=\"wp-block-heading\"><strong>Fazit<\/strong><\/h3>\n\n\n\n<p>Der richtige Drohnenschein h\u00e4ngt nicht vom Preis ab, sondern von <strong>deinem Einsatz<\/strong>.<br>Ein sauberer Start spart sp\u00e4ter Zeit, Geld und Probleme.<\/p>\n\n\n\n<h3 class=\"wp-block-heading\">Du brauchst den A2-Drohnenf\u00fchrerschein?<\/h3>\n\n\n\n<p>Wenn du mit einer st\u00e4rkeren Drohne fliegen willst oder n\u00e4her an Menschen, brauchst du den <strong>A2-Drohnenf\u00fchrerschein<\/strong>.<br>\ud83d\udc49 <strong>Hier findest du alle Kosten, Dauer &amp; den besten Anbieter:<\/strong><\/p>\n\n\n<style>.wp-block-kadence-advancedbtn.kb-btns550_8e3000-7d{gap:var(--global-kb-gap-xs, 0.5rem );justify-content:flex-start;align-items:center;}.kt-btns550_8e3000-7d .kt-button{font-weight:normal;font-style:normal;}.kt-btns550_8e3000-7d .kt-btn-wrap-0{margin-right:5px;}.wp-block-kadence-advancedbtn.kt-btns550_8e3000-7d .kt-btn-wrap-0 .kt-button{color:#555555;border-color:#555555;}.wp-block-kadence-advancedbtn.kt-btns550_8e3000-7d .kt-btn-wrap-0 .kt-button:hover, .wp-block-kadence-advancedbtn.kt-btns550_8e3000-7d .kt-btn-wrap-0 .kt-button:focus{color:#ffffff;border-color:#444444;}.wp-block-kadence-advancedbtn.kt-btns550_8e3000-7d .kt-btn-wrap-0 .kt-button::before{display:none;}.wp-block-kadence-advancedbtn.kt-btns550_8e3000-7d .kt-btn-wrap-0 .kt-button:hover, .wp-block-kadence-advancedbtn.kt-btns550_8e3000-7d .kt-btn-wrap-0 .kt-button:focus{background:#444444;}<\/style>\n<div class=\"wp-block-kadence-advancedbtn kb-buttons-wrap kb-btns550_8e3000-7d\"><style>ul.menu .wp-block-kadence-advancedbtn .kb-btn550_06afa4-34.kb-button{width:initial;}<\/style><a class=\"kb-button kt-button button kb-btn550_06afa4-34 kt-btn-size-standard kt-btn-width-type-auto kb-btn-global-outline  kt-btn-has-text-true kt-btn-has-svg-false  wp-block-kadence-singlebtn\" href=\"https:\/\/ozgurfly.de\/tr\/drohnenfuehrerschein-a2-kosten\/\"><span class=\"kt-btn-inner-text\">zum a2-kurs<\/span><\/a><\/div>\n\n\n\n<h3 class=\"wp-block-heading\">H\u00e4ufige Fragen<\/h3>\n\n\n\n<p><strong>Brauche ich f\u00fcr eine DJI Mini einen F\u00fchrerschein?<\/strong><br>F\u00fcr viele Mini-Drohnen reicht A1\/A3. Sobald du n\u00e4her an Personen fliegst oder schwerere Modelle nutzt, kann A2 sinnvoll sein.<\/p>\n\n\n\n<p><strong>Ist der A2 schwerer als A1\/A3?<\/strong><br>Ja, die Pr\u00fcfung ist umfangreicher, aber mit einem strukturierten Online-Kurs gut machbar.<\/p>\n\n\n\n<p><strong>Welcher Drohnenschein lohnt sich langfristig?<\/strong><br>Wer beruflich arbeiten m\u00f6chte, f\u00e4hrt mit A2 deutlich besser.<\/p>","protected":false},"excerpt":{"rendered":"<p>A1\/A3 oder A2 \u2013 Welcher Drohnenschein ist Pflicht? Viele stellen sich die Frage: A1 A3 oder A2 \u2013 welcher Drohnenschein ist Pflicht? Die Antwort h\u00e4ngt davon ab, wo, wie nah an Menschen und zu welchem Zweck du fliegen willst. Wann reicht A1\/A3 aus? Der Drohnenschein A1\/A3 ist der Einstieg und f\u00fcr viele Fl\u00fcge ausreichend. Geeignet,&#8230;<\/p>","protected":false},"author":1,"featured_media":0,"parent":0,"menu_order":0,"comment_status":"closed","ping_status":"closed","template":"","meta":{"_kadence_starter_templates_imported_post":false,"_kad_post_transparent":"disable","_kad_post_title":"","_kad_post_layout":"normal","_kad_post_sidebar_id":"","_kad_post_content_style":"boxed","_kad_post_vertical_padding":"","_kad_post_feature":"","_kad_post_feature_position":"","_kad_post_header":false,"_kad_post_footer":false,"_kad_post_classname":"","footnotes":""},"class_list":["post-550","page","type-page","status-publish","hentry"],"_links":{"self":[{"href":"https:\/\/ozgurfly.de\/tr\/wp-json\/wp\/v2\/pages\/550","targetHints":{"allow":["GET"]}}],"collection":[{"href":"https:\/\/ozgurfly.de\/tr\/wp-json\/wp\/v2\/pages"}],"about":[{"href":"https:\/\/ozgurfly.de\/tr\/wp-json\/wp\/v2\/types\/page"}],"author":[{"embeddable":true,"href":"https:\/\/ozgurfly.de\/tr\/wp-json\/wp\/v2\/users\/1"}],"replies":[{"embeddable":true,"href":"https:\/\/ozgurfly.de\/tr\/wp-json\/wp\/v2\/comments?post=550"}],"version-history":[{"count":9,"href":"https:\/\/ozgurfly.de\/tr\/wp-json\/wp\/v2\/pages\/550\/revisions"}],"predecessor-version":[{"id":697,"href":"https:\/\/ozgurfly.de\/tr\/wp-json\/wp\/v2\/pages\/550\/revisions\/697"}],"wp:attachment":[{"href":"https:\/\/ozgurfly.de\/tr\/wp-json\/wp\/v2\/media?parent=550"}],"curies":[{"name":"wp","href":"https:\/\/api.w.org\/{rel}","templated":true}]}}