{"id":507,"date":"2025-12-14T15:41:12","date_gmt":"2025-12-14T14:41:12","guid":{"rendered":"https:\/\/ozgurfly.de\/?page_id=507"},"modified":"2025-12-17T10:19:25","modified_gmt":"2025-12-17T09:19:25","slug":"preise","status":"publish","type":"page","link":"https:\/\/ozgurfly.de\/tr\/preise\/","title":{"rendered":"Preise"},"content":{"rendered":"<h2 class=\"wp-block-heading\"><strong>Klar. \u00dcbersichtlich. Ehrlich.<\/strong><\/h2>\n\n\n\n<p>Realistische Preisrahmen \u2013 die Entscheidung triffst du selbst.<\/p>\n\n\n\n<h3 class=\"wp-block-heading\">Preis\u00fcbersicht auf einen Blick<\/h3>\n\n\n\n<p>Wir zeigen dir <strong>faire Richtwerte<\/strong>, damit du eine schnelle Entscheidung treffen kannst.<br>Die <strong>aktuellen Preise &amp; Aktionen<\/strong> findest du immer direkt beim zertifizierten Kursanbieter.<\/p>\n\n\n\n<div class=\"wp-block-columns is-layout-flex wp-container-core-columns-is-layout-9d6595d7 wp-block-columns-is-layout-flex\">\n<div class=\"wp-block-column has-background is-layout-flow wp-block-column-is-layout-flow\" style=\"border-top-left-radius:14px;border-top-right-radius:14px;border-bottom-left-radius:14px;border-bottom-right-radius:14px;background-color:#f7f9fb\">\n<h3 class=\"wp-block-heading\">A1\/A3 \u2013 Einstieg<\/h3>\n\n\n\n<p>ab ca. 100 \u20ac<\/p>\n\n\n\n<p>Ideal f\u00fcr Einsteiger, Freizeitpiloten und den ersten Schritt in die Drohnenwelt.<\/p>\n\n\n\n<p><strong>Das erwartet dich:<\/strong><\/p>\n\n\n\n<ul class=\"wp-block-list\">\n<li>Grundlagen nach EU-Drohnenverordnung<\/li>\n\n\n\n<li>Online lernen, flexibel &amp; strukturiert<\/li>\n\n\n\n<li>Geeignet f\u00fcr private und erste gewerbliche Fl\u00fcge<\/li>\n<\/ul>\n\n\n<style>.wp-block-kadence-advancedbtn.kb-btns507_7c4577-29{gap:var(--global-kb-gap-xs, 0.5rem );justify-content:center;align-items:center;}.kt-btns507_7c4577-29 .kt-button{font-weight:normal;font-style:normal;}.kt-btns507_7c4577-29 .kt-btn-wrap-0{margin-right:5px;}.wp-block-kadence-advancedbtn.kt-btns507_7c4577-29 .kt-btn-wrap-0 .kt-button{color:#555555;border-color:#555555;}.wp-block-kadence-advancedbtn.kt-btns507_7c4577-29 .kt-btn-wrap-0 .kt-button:hover, .wp-block-kadence-advancedbtn.kt-btns507_7c4577-29 .kt-btn-wrap-0 .kt-button:focus{color:#ffffff;border-color:#444444;}.wp-block-kadence-advancedbtn.kt-btns507_7c4577-29 .kt-btn-wrap-0 .kt-button::before{display:none;}.wp-block-kadence-advancedbtn.kt-btns507_7c4577-29 .kt-btn-wrap-0 .kt-button:hover, .wp-block-kadence-advancedbtn.kt-btns507_7c4577-29 .kt-btn-wrap-0 .kt-button:focus{background:#444444;}<\/style>\n<div class=\"wp-block-kadence-advancedbtn kb-buttons-wrap kb-btns507_7c4577-29\"><style>ul.menu .wp-block-kadence-advancedbtn .kb-btn507_1a9f67-f6.kb-button{width:initial;}<\/style><a class=\"kb-button kt-button button kb-btn507_1a9f67-f6 kt-btn-size-standard kt-btn-width-type-auto kb-btn-global-outline  kt-btn-has-text-true kt-btn-has-svg-false  wp-block-kadence-singlebtn\" href=\"https:\/\/eudrohnenpruefung.de\/?ref=bwzrbumq\" rel=\" nofollow sponsored noopener\" target=\"_blank\"><span class=\"kt-btn-inner-text\">jetzt preis ansehen<\/span><\/a><\/div>\n<\/div>\n\n\n\n<div class=\"wp-block-column has-background is-layout-flow wp-block-column-is-layout-flow\" style=\"border-top-left-radius:14px;border-top-right-radius:14px;border-bottom-left-radius:14px;border-bottom-right-radius:14px;background-color:#f7f9fb\">\n<h3 class=\"wp-block-heading\"><strong>A2 \u2013 Professionell<\/strong> <em>(Empfohlen)<\/em><\/h3>\n\n\n\n<p>ab ca. 200\u2013300 \u20ac<\/p>\n\n\n\n<p>Die richtige Wahl f\u00fcr alle, die <strong>n\u00e4her an Menschen und Geb\u00e4uden<\/strong> fliegen oder Drohnen beruflich einsetzen m\u00f6chten.<\/p>\n\n\n\n<p><strong>Warum A2?<\/strong><\/p>\n\n\n\n<ul class=\"wp-block-list\">\n<li>Erweiterte Theorie &amp; Praxisfokus<\/li>\n\n\n\n<li>Mehr Einsatzm\u00f6glichkeiten im Alltag<\/li>\n\n\n\n<li>Besonders relevant f\u00fcr Business, Creator &amp; Dienstleister<\/li>\n<\/ul>\n\n\n<style>.wp-block-kadence-advancedbtn.kb-btns507_8a62be-4f{gap:var(--global-kb-gap-xs, 0.5rem );justify-content:center;align-items:center;}.kt-btns507_8a62be-4f .kt-button{font-weight:normal;font-style:normal;}.kt-btns507_8a62be-4f .kt-btn-wrap-0{margin-right:5px;}.wp-block-kadence-advancedbtn.kt-btns507_8a62be-4f .kt-btn-wrap-0 .kt-button{color:#555555;border-color:#555555;}.wp-block-kadence-advancedbtn.kt-btns507_8a62be-4f .kt-btn-wrap-0 .kt-button:hover, .wp-block-kadence-advancedbtn.kt-btns507_8a62be-4f .kt-btn-wrap-0 .kt-button:focus{color:#ffffff;border-color:#444444;}.wp-block-kadence-advancedbtn.kt-btns507_8a62be-4f .kt-btn-wrap-0 .kt-button::before{display:none;}.wp-block-kadence-advancedbtn.kt-btns507_8a62be-4f .kt-btn-wrap-0 .kt-button:hover, .wp-block-kadence-advancedbtn.kt-btns507_8a62be-4f .kt-btn-wrap-0 .kt-button:focus{background:#444444;}<\/style>\n<div class=\"wp-block-kadence-advancedbtn kb-buttons-wrap kb-btns507_8a62be-4f\"><style>ul.menu .wp-block-kadence-advancedbtn .kb-btn507_b1681f-35.kb-button{width:initial;}<\/style><a class=\"kb-button kt-button button kb-btn507_b1681f-35 kt-btn-size-standard kt-btn-width-type-auto kb-btn-global-outline  kt-btn-has-text-true kt-btn-has-svg-false  wp-block-kadence-singlebtn\" href=\"https:\/\/eudrohnenpruefung.de\/?ref=bwzrbumq\" rel=\" nofollow sponsored noopener\" target=\"_blank\"><span class=\"kt-btn-inner-text\">jetzt preis ansehen<\/span><\/a><\/div>\n<\/div>\n\n\n\n<div class=\"wp-block-column has-background is-layout-flow wp-block-column-is-layout-flow\" style=\"border-top-left-radius:14px;border-top-right-radius:14px;border-bottom-left-radius:14px;border-bottom-right-radius:14px;background-color:#f7f9fb\">\n<h3 class=\"wp-block-heading\">Extras \u2013 Praxis &amp; Sicherheit<\/h3>\n\n\n\n<p>je nach Paket<\/p>\n\n\n\n<p>F\u00fcr alle, die regelm\u00e4\u00dfig fliegen und maximale Sicherheit wollen.<\/p>\n\n\n\n<p><strong>Inhalte:<\/strong><\/p>\n\n\n\n<ul class=\"wp-block-list\">\n<li>Praxis-Tipps &amp; Checklisten<\/li>\n\n\n\n<li>Versicherung &amp; Haftung verst\u00e4ndlich erkl\u00e4rt<\/li>\n\n\n\n<li>Routinen f\u00fcr Vorbereitung, Flug &amp; Nachbereitung<\/li>\n<\/ul>\n\n\n<style>.wp-block-kadence-advancedbtn.kb-btns507_933c4d-a8{gap:var(--global-kb-gap-xs, 0.5rem );justify-content:center;align-items:center;}.kt-btns507_933c4d-a8 .kt-button{font-weight:normal;font-style:normal;}.kt-btns507_933c4d-a8 .kt-btn-wrap-0{margin-right:5px;}.wp-block-kadence-advancedbtn.kt-btns507_933c4d-a8 .kt-btn-wrap-0 .kt-button{color:#555555;border-color:#555555;}.wp-block-kadence-advancedbtn.kt-btns507_933c4d-a8 .kt-btn-wrap-0 .kt-button:hover, .wp-block-kadence-advancedbtn.kt-btns507_933c4d-a8 .kt-btn-wrap-0 .kt-button:focus{color:#ffffff;border-color:#444444;}.wp-block-kadence-advancedbtn.kt-btns507_933c4d-a8 .kt-btn-wrap-0 .kt-button::before{display:none;}.wp-block-kadence-advancedbtn.kt-btns507_933c4d-a8 .kt-btn-wrap-0 .kt-button:hover, .wp-block-kadence-advancedbtn.kt-btns507_933c4d-a8 .kt-btn-wrap-0 .kt-button:focus{background:#444444;}<\/style>\n<div class=\"wp-block-kadence-advancedbtn kb-buttons-wrap kb-btns507_933c4d-a8\"><style>ul.menu .wp-block-kadence-advancedbtn .kb-btn507_3f1583-af.kb-button{width:initial;}<\/style><a class=\"kb-button kt-button button kb-btn507_3f1583-af kt-btn-size-standard kt-btn-width-type-auto kb-btn-global-outline  kt-btn-has-text-true kt-btn-has-svg-false  wp-block-kadence-singlebtn\" href=\"https:\/\/eudrohnenpruefung.de\/?ref=bwzrbum\" rel=\" nofollow sponsored noopener\" target=\"_blank\"><span class=\"kt-btn-inner-text\">jetzt preis ansehen<\/span><\/a><\/div>\n<\/div>\n<\/div>\n\n\n<style>.kb-row-layout-id507_d4267b-42 > .kt-row-column-wrap{align-content:start;}:where(.kb-row-layout-id507_d4267b-42 > .kt-row-column-wrap) > .wp-block-kadence-column{justify-content:start;}.kb-row-layout-id507_d4267b-42 > .kt-row-column-wrap{column-gap:var(--global-kb-gap-md, 2rem);row-gap:var(--global-kb-gap-md, 2rem);padding-top:var(--global-kb-spacing-sm, 1.5rem);padding-bottom:var(--global-kb-spacing-sm, 1.5rem);grid-template-columns:minmax(0, 1fr);}.kb-row-layout-id507_d4267b-42 > .kt-row-layout-overlay{opacity:0.30;}@media all and (max-width: 1024px){.kb-row-layout-id507_d4267b-42 > .kt-row-column-wrap{grid-template-columns:minmax(0, 1fr);}}@media all and (max-width: 767px){.kb-row-layout-id507_d4267b-42 > .kt-row-column-wrap{grid-template-columns:minmax(0, 1fr);}}<\/style><div class=\"kb-row-layout-wrap kb-row-layout-id507_d4267b-42 alignnone wp-block-kadence-rowlayout\"><div class=\"kt-row-column-wrap kt-has-1-columns kt-row-layout-equal kt-tab-layout-inherit kt-mobile-layout-row kt-row-valign-top\">\n<style>.kadence-column507_9c145a-23 > .kt-inside-inner-col,.kadence-column507_9c145a-23 > .kt-inside-inner-col:before{border-top-left-radius:0px;border-top-right-radius:0px;border-bottom-right-radius:0px;border-bottom-left-radius:0px;}.kadence-column507_9c145a-23 > .kt-inside-inner-col{column-gap:var(--global-kb-gap-sm, 1rem);}.kadence-column507_9c145a-23 > .kt-inside-inner-col{flex-direction:column;}.kadence-column507_9c145a-23 > .kt-inside-inner-col > .aligncenter{width:100%;}.kadence-column507_9c145a-23 > .kt-inside-inner-col:before{opacity:0.3;}.kadence-column507_9c145a-23{position:relative;}@media all and (max-width: 1024px){.kadence-column507_9c145a-23 > .kt-inside-inner-col{flex-direction:column;justify-content:center;}}@media all and (max-width: 767px){.kadence-column507_9c145a-23 > .kt-inside-inner-col{flex-direction:column;justify-content:center;}}<\/style>\n<div class=\"wp-block-kadence-column kadence-column507_9c145a-23\"><div class=\"kt-inside-inner-col\">\n<h3 class=\"wp-block-heading\">Preise verstehen statt raten<\/h3>\n\n\n\n<p>Die Preise unterscheiden sich je nach Lizenz und Anbieter. Wenn du die Unterschiede kennst, triffst du die bessere Entscheidung.<\/p>\n\n\n\n<p><a href=\"\/tr\/was-kostet-der-drohnenschein\/\">\u2192 Was kostet der Drohnenschein in Deutschland?<\/a><\/p>\n<\/div><\/div>\n\n<\/div><\/div>\n\n\n<h3 class=\"wp-block-heading\">Welche Option passt zu dir?<\/h3>\n\n\n\n<ul class=\"wp-block-list\">\n<li><strong>Ich starte neu oder fliege privat:<\/strong> A1\/A3<\/li>\n\n\n\n<li><strong>Ich fliege n\u00e4her an Menschen oder beruflich:<\/strong> A2<\/li>\n\n\n\n<li><strong>Ich fliege regelm\u00e4\u00dfig &amp; m\u00f6chte sicher sein:<\/strong> Extras<\/li>\n\n\n\n<li><strong>Ich will langfristig flexibel bleiben:<\/strong> A1\/A3 \u2192 sp\u00e4ter A2 erweitern<\/li>\n<\/ul>\n\n\n\n<h3 class=\"wp-block-heading\">Gut zu wissen<\/h3>\n\n\n\n<p>Die genannten Preise dienen zur <strong>Orientierung<\/strong> und k\u00f6nnen je nach Kursumfang, Aktion oder Paket variieren.<br>Verbindliche Preise, Inhalte und aktuelle Angebote findest du direkt beim <strong>zertifizierten Kursanbieter<\/strong>.<\/p>\n\n\n\n<h3 class=\"wp-block-heading\">Bereit f\u00fcr deinen n\u00e4chsten Schritt?<\/h3>\n\n\n\n<p>Starte jetzt deinen Drohnenkurs \u2013<br>online, flexibel und klar strukturiert.<\/p>\n\n\n\n<p class=\"has-text-color has-link-color wp-elements-d0abee0a6241188183320f7d533a0032\" style=\"color:#4a5568\">Zertifizierter Anbieter \u2022 Online \u2022 EU-konform<\/p>\n\n\n<style>.wp-block-kadence-advancedbtn.kb-btns507_a2ac49-18{gap:var(--global-kb-gap-xs, 0.5rem );justify-content:center;align-items:center;}.kt-btns507_a2ac49-18 .kt-button{font-weight:normal;font-style:normal;}.kt-btns507_a2ac49-18 .kt-btn-wrap-0{margin-right:5px;}.wp-block-kadence-advancedbtn.kt-btns507_a2ac49-18 .kt-btn-wrap-0 .kt-button{color:#555555;border-color:#555555;}.wp-block-kadence-advancedbtn.kt-btns507_a2ac49-18 .kt-btn-wrap-0 .kt-button:hover, .wp-block-kadence-advancedbtn.kt-btns507_a2ac49-18 .kt-btn-wrap-0 .kt-button:focus{color:#ffffff;border-color:#444444;}.wp-block-kadence-advancedbtn.kt-btns507_a2ac49-18 .kt-btn-wrap-0 .kt-button::before{display:none;}.wp-block-kadence-advancedbtn.kt-btns507_a2ac49-18 .kt-btn-wrap-0 .kt-button:hover, .wp-block-kadence-advancedbtn.kt-btns507_a2ac49-18 .kt-btn-wrap-0 .kt-button:focus{background:#444444;}<\/style>\n<div class=\"wp-block-kadence-advancedbtn kb-buttons-wrap kb-btns507_a2ac49-18\"><style>ul.menu .wp-block-kadence-advancedbtn .kb-btn507_58d55c-a6.kb-button{width:initial;}<\/style><a class=\"kb-button kt-button button kb-btn507_58d55c-a6 kt-btn-size-large kt-btn-width-type-auto kb-btn-global-inherit  kt-btn-has-text-true kt-btn-has-svg-false  wp-block-button__link wp-block-kadence-singlebtn\" href=\"https:\/\/eudrohnenpruefung.de\/?ref=bwzrbumq\" rel=\" nofollow sponsored noopener\" target=\"_blank\"><span class=\"kt-btn-inner-text\">jetzt kurs w\u00e4hlen<\/span><\/a><\/div>\n\n\n\n<p><\/p>","protected":false},"excerpt":{"rendered":"<p>Klar. \u00dcbersichtlich. Ehrlich. Realistische Preisrahmen \u2013 die Entscheidung triffst du selbst. Preis\u00fcbersicht auf einen Blick Wir zeigen dir faire Richtwerte, damit du eine schnelle Entscheidung treffen kannst.Die aktuellen Preise &amp; Aktionen findest du immer direkt beim zertifizierten Kursanbieter. A1\/A3 \u2013 Einstieg ab ca. 100 \u20ac Ideal f\u00fcr Einsteiger, Freizeitpiloten und den ersten Schritt in die&#8230;<\/p>","protected":false},"author":1,"featured_media":0,"parent":0,"menu_order":0,"comment_status":"closed","ping_status":"closed","template":"","meta":{"_kadence_starter_templates_imported_post":false,"_kad_post_transparent":"disable","_kad_post_title":"","_kad_post_layout":"normal","_kad_post_sidebar_id":"","_kad_post_content_style":"boxed","_kad_post_vertical_padding":"default","_kad_post_feature":"show","_kad_post_feature_position":"default","_kad_post_header":false,"_kad_post_footer":false,"_kad_post_classname":"","footnotes":""},"class_list":["post-507","page","type-page","status-publish","hentry"],"_links":{"self":[{"href":"https:\/\/ozgurfly.de\/tr\/wp-json\/wp\/v2\/pages\/507","targetHints":{"allow":["GET"]}}],"collection":[{"href":"https:\/\/ozgurfly.de\/tr\/wp-json\/wp\/v2\/pages"}],"about":[{"href":"https:\/\/ozgurfly.de\/tr\/wp-json\/wp\/v2\/types\/page"}],"author":[{"embeddable":true,"href":"https:\/\/ozgurfly.de\/tr\/wp-json\/wp\/v2\/users\/1"}],"replies":[{"embeddable":true,"href":"https:\/\/ozgurfly.de\/tr\/wp-json\/wp\/v2\/comments?post=507"}],"version-history":[{"count":10,"href":"https:\/\/ozgurfly.de\/tr\/wp-json\/wp\/v2\/pages\/507\/revisions"}],"predecessor-version":[{"id":616,"href":"https:\/\/ozgurfly.de\/tr\/wp-json\/wp\/v2\/pages\/507\/revisions\/616"}],"wp:attachment":[{"href":"https:\/\/ozgurfly.de\/tr\/wp-json\/wp\/v2\/media?parent=507"}],"curies":[{"name":"wp","href":"https:\/\/api.w.org\/{rel}","templated":true}]}}