{"id":5,"date":"2021-11-01T20:07:23","date_gmt":"2021-11-01T20:07:23","guid":{"rendered":"https:\/\/startertemplatecloud.com\/g20\/?page_id=5"},"modified":"2026-02-10T12:24:19","modified_gmt":"2026-02-10T11:24:19","slug":"home","status":"publish","type":"page","link":"https:\/\/ozgurfly.de\/tr\/","title":{"rendered":"Home"},"content":{"rendered":"<style>.kb-row-layout-id5_ab377f-ec > .kt-row-column-wrap{align-content:center;}:where(.kb-row-layout-id5_ab377f-ec > .kt-row-column-wrap) > .wp-block-kadence-column{justify-content:center;}.kb-row-layout-id5_ab377f-ec > .kt-row-column-wrap{column-gap:var(--global-kb-gap-md, 2rem);row-gap:var(--global-kb-gap-md, 2rem);max-width:900px;margin-left:auto;margin-right:auto;padding-top:130px;padding-bottom:170px;min-height:800px;grid-template-columns:minmax(0, 1fr);}.kb-row-layout-id5_ab377f-ec{background-image:url('http:\/\/ozgurfly.de\/wp-content\/uploads\/2025\/12\/ChatGPT-Image-10.-Dez.-2025-22_34_45.png');background-size:cover;background-position:center center;background-attachment:scroll;background-repeat:no-repeat;}.kb-row-layout-id5_ab377f-ec > .kt-row-layout-overlay{opacity:0.00;background:linear-gradient(176deg,rgba(221,107,32,0.81) 0%,rgba(221,107,32,0.83) 49%,var(--global-palette2) 92%);mix-blend-mode:saturation;}.kb-row-layout-id5_ab377f-ec .kt-row-layout-bottom-sep{height:100px;}.kb-row-layout-id5_ab377f-ec .kt-row-layout-bottom-sep svg{width:100%;}.kb-row-layout-id5_ab377f-ec .kt-row-layout-bottom-sep svg{fill:#ffffff!important;}@media all and (max-width: 1024px){.kb-row-layout-id5_ab377f-ec > .kt-row-column-wrap{min-height:700px;grid-template-columns:minmax(0, 1fr);}}@media all and (max-width: 1024px){.kb-row-layout-id5_ab377f-ec .kt-row-layout-bottom-sep{height:px;}}@media all and (max-width: 1024px){.kb-row-layout-id5_ab377f-ec .kt-row-layout-bottom-sep svg{width:%;}}@media all and (max-width: 767px){.kb-row-layout-id5_ab377f-ec > .kt-row-column-wrap{min-height:600px;grid-template-columns:minmax(0, 1fr);}.kb-row-layout-id5_ab377f-ec .kt-row-layout-bottom-sep{height:px;}.kb-row-layout-id5_ab377f-ec .kt-row-layout-bottom-sep svg{width:%;}}<\/style><div class=\"kb-row-layout-wrap kb-row-layout-id5_ab377f-ec alignnone kt-row-has-bg wp-block-kadence-rowlayout\"><div class=\"kt-row-layout-overlay kt-row-overlay-gradient\"><\/div><div class=\"kt-row-column-wrap kt-has-1-columns kt-row-layout-equal kt-tab-layout-inherit kt-mobile-layout-row kt-row-valign-middle\">\n<style>.kadence-column5_75fa41-51 > .kt-inside-inner-col,.kadence-column5_75fa41-51 > .kt-inside-inner-col:before{border-top-left-radius:0px;border-top-right-radius:0px;border-bottom-right-radius:0px;border-bottom-left-radius:0px;}.kadence-column5_75fa41-51 > .kt-inside-inner-col{column-gap:var(--global-kb-gap-sm, 1rem);}.kadence-column5_75fa41-51 > .kt-inside-inner-col{flex-direction:column;}.kadence-column5_75fa41-51 > .kt-inside-inner-col > .aligncenter{width:100%;}.kadence-column5_75fa41-51 > .kt-inside-inner-col:before{opacity:0.3;}.kadence-column5_75fa41-51{position:relative;}@media all and (max-width: 1024px){.kadence-column5_75fa41-51 > .kt-inside-inner-col{flex-direction:column;justify-content:center;}}@media all and (max-width: 767px){.kadence-column5_75fa41-51 > .kt-inside-inner-col{flex-direction:column;justify-content:center;}}<\/style>\n<div class=\"wp-block-kadence-column kadence-column5_75fa41-51 inner-column-1\"><div class=\"kt-inside-inner-col\"><style>.wp-block-kadence-advancedheading.kt-adv-heading5_c7e4f5-aa, .wp-block-kadence-advancedheading.kt-adv-heading5_c7e4f5-aa[data-kb-block=\"kb-adv-heading5_c7e4f5-aa\"]{margin-top:1.5em;margin-bottom:0.5em;text-align:center;font-size:3.5em;line-height:1.3em;font-weight:bold;font-style:normal;color:#ffffff;}.wp-block-kadence-advancedheading.kt-adv-heading5_c7e4f5-aa mark.kt-highlight, .wp-block-kadence-advancedheading.kt-adv-heading5_c7e4f5-aa[data-kb-block=\"kb-adv-heading5_c7e4f5-aa\"] mark.kt-highlight{font-weight:normal;font-style:normal;color:#f76a0c;-webkit-box-decoration-break:clone;box-decoration-break:clone;padding-top:0px;padding-right:0px;padding-bottom:0px;padding-left:0px;}.wp-block-kadence-advancedheading.kt-adv-heading5_c7e4f5-aa img.kb-inline-image, .wp-block-kadence-advancedheading.kt-adv-heading5_c7e4f5-aa[data-kb-block=\"kb-adv-heading5_c7e4f5-aa\"] img.kb-inline-image{width:150px;vertical-align:baseline;}@media all and (max-width: 1024px){.wp-block-kadence-advancedheading.kt-adv-heading5_c7e4f5-aa, .wp-block-kadence-advancedheading.kt-adv-heading5_c7e4f5-aa[data-kb-block=\"kb-adv-heading5_c7e4f5-aa\"]{font-size:3.2em;}}@media all and (max-width: 767px){.wp-block-kadence-advancedheading.kt-adv-heading5_c7e4f5-aa, .wp-block-kadence-advancedheading.kt-adv-heading5_c7e4f5-aa[data-kb-block=\"kb-adv-heading5_c7e4f5-aa\"]{font-size:2.5em;}}<\/style>\n<h1 class=\"kt-adv-heading5_c7e4f5-aa wp-block-kadence-advancedheading\" data-kb-block=\"kb-adv-heading5_c7e4f5-aa\">Build your better tomorrow<\/h1>\n\n\n<style>.wp-block-kadence-advancedheading.kt-adv-heading5_c18a41-c3, .wp-block-kadence-advancedheading.kt-adv-heading5_c18a41-c3[data-kb-block=\"kb-adv-heading5_c18a41-c3\"]{margin-top:1.5em;margin-bottom:1.5em;text-align:center;font-size:1.6em;line-height:1em;font-weight:400;font-style:normal;text-transform:uppercase;color:#ffffff;}.wp-block-kadence-advancedheading.kt-adv-heading5_c18a41-c3 mark.kt-highlight, .wp-block-kadence-advancedheading.kt-adv-heading5_c18a41-c3[data-kb-block=\"kb-adv-heading5_c18a41-c3\"] mark.kt-highlight{font-weight:normal;font-style:normal;color:#f76a0c;-webkit-box-decoration-break:clone;box-decoration-break:clone;padding-top:0px;padding-right:0px;padding-bottom:0px;padding-left:0px;}.wp-block-kadence-advancedheading.kt-adv-heading5_c18a41-c3 img.kb-inline-image, .wp-block-kadence-advancedheading.kt-adv-heading5_c18a41-c3[data-kb-block=\"kb-adv-heading5_c18a41-c3\"] img.kb-inline-image{width:150px;vertical-align:baseline;}@media all and (max-width: 1024px){.wp-block-kadence-advancedheading.kt-adv-heading5_c18a41-c3, .wp-block-kadence-advancedheading.kt-adv-heading5_c18a41-c3[data-kb-block=\"kb-adv-heading5_c18a41-c3\"]{font-size:1.4em;}}@media all and (max-width: 767px){.wp-block-kadence-advancedheading.kt-adv-heading5_c18a41-c3, .wp-block-kadence-advancedheading.kt-adv-heading5_c18a41-c3[data-kb-block=\"kb-adv-heading5_c18a41-c3\"]{font-size:1em;}}<\/style>\n<h4 class=\"kt-adv-heading5_c18a41-c3 wp-block-kadence-advancedheading\" data-kb-block=\"kb-adv-heading5_c18a41-c3\"><strong>Online-Kurse f\u00fcr deine Karriere und dein Leben<\/strong><\/h4>\n\n\n<style>.wp-block-kadence-advancedbtn.kb-btns5_7e8afe-97{gap:var(--global-kb-gap-xs, 0.5rem );justify-content:center;align-items:center;}.kt-btns5_7e8afe-97 .kt-button{font-weight:normal;font-style:normal;}<\/style>\n<div class=\"wp-block-kadence-advancedbtn kb-buttons-wrap kb-btns5_7e8afe-97\"><style>ul.menu .wp-block-kadence-advancedbtn .kb-btn5_03c4c4-2e.kb-button{width:initial;}.wp-block-kadence-advancedbtn .kb-btn5_03c4c4-2e.kb-button{color:var(--global-palette7, #EDF2F7);background:var(--global-palette2, #2B6CB0);}.wp-block-kadence-advancedbtn .kb-btn5_03c4c4-2e.kb-button:hover, .wp-block-kadence-advancedbtn .kb-btn5_03c4c4-2e.kb-button:focus{color:var(--global-palette9, #ffffff);background:var(--global-palette2, #2B6CB0);}<\/style><a class=\"kb-button kt-button button kb-btn5_03c4c4-2e kt-btn-size-standard kt-btn-width-type-auto kb-btn-global-inherit  kt-btn-has-text-true kt-btn-has-svg-false  wp-block-button__link wp-block-kadence-singlebtn\" id=\"https:\/\/eudrohnenpruefung.de\/?ref=bwzrbumq\" href=\"https:\/\/eudrohnenpruefung.de\/?ref=bwzrbumq\" target=\"_blank\" rel=\"noreferrer noopener nofollow sponsored\"><span class=\"kt-btn-inner-text\">KURSE ENTDECKEN<\/span><\/a><\/div>\n<\/div><\/div>\n\n<\/div><\/div>\n\n\n<p><\/p>\n\n\n<style>.kb-row-layout-id5_6b15c0-00 > .kt-row-column-wrap{align-content:start;}:where(.kb-row-layout-id5_6b15c0-00 > .kt-row-column-wrap) > .wp-block-kadence-column{justify-content:start;}.kb-row-layout-id5_6b15c0-00 > .kt-row-column-wrap{column-gap:var(--global-kb-gap-md, 2rem);row-gap:var(--global-kb-gap-md, 2rem);padding-top:var(--global-kb-spacing-sm, 1.5rem);padding-bottom:var(--global-kb-spacing-sm, 1.5rem);grid-template-columns:minmax(0, 1fr);}.kb-row-layout-id5_6b15c0-00 > .kt-row-layout-overlay{opacity:0.30;}@media all and (max-width: 1024px){.kb-row-layout-id5_6b15c0-00 > .kt-row-column-wrap{grid-template-columns:minmax(0, 1fr);}}@media all and (max-width: 767px){.kb-row-layout-id5_6b15c0-00 > .kt-row-column-wrap{grid-template-columns:minmax(0, 1fr);}}<\/style><div class=\"kb-row-layout-wrap kb-row-layout-id5_6b15c0-00 alignnone wp-block-kadence-rowlayout\"><div class=\"kt-row-column-wrap kt-has-1-columns kt-row-layout-equal kt-tab-layout-inherit kt-mobile-layout-row kt-row-valign-top\">\n<style>.kadence-column5_6c9aec-e4 > .kt-inside-inner-col,.kadence-column5_6c9aec-e4 > .kt-inside-inner-col:before{border-top-left-radius:0px;border-top-right-radius:0px;border-bottom-right-radius:0px;border-bottom-left-radius:0px;}.kadence-column5_6c9aec-e4 > .kt-inside-inner-col{column-gap:var(--global-kb-gap-sm, 1rem);}.kadence-column5_6c9aec-e4 > .kt-inside-inner-col{flex-direction:column;}.kadence-column5_6c9aec-e4 > .kt-inside-inner-col > .aligncenter{width:100%;}.kadence-column5_6c9aec-e4 > .kt-inside-inner-col:before{opacity:0.3;}.kadence-column5_6c9aec-e4{position:relative;}@media all and (max-width: 1024px){.kadence-column5_6c9aec-e4 > .kt-inside-inner-col{flex-direction:column;justify-content:center;}}@media all and (max-width: 767px){.kadence-column5_6c9aec-e4 > .kt-inside-inner-col{flex-direction:column;justify-content:center;}}<\/style>\n<div class=\"wp-block-kadence-column kadence-column5_6c9aec-e4\"><div class=\"kt-inside-inner-col\">\n<h2 class=\"wp-block-heading\" style=\"padding-top:72px;padding-right:96px;padding-bottom:72px;padding-left:96px\">Was suchst du?<\/h2>\n\n\n\n<div class=\"wp-block-columns is-layout-flex wp-container-core-columns-is-layout-5713f171 wp-block-columns-is-layout-flex\" style=\"padding-top:0px;padding-right:96px;padding-bottom:0px;padding-left:96px\">\n<div class=\"wp-block-column is-layout-flow wp-block-column-is-layout-flow\">\n<h3 class=\"wp-block-heading\">Ich bin neu im Drohnenflug<\/h3>\n\n\n\n<p>Kurz &amp; verst\u00e4ndlich erkl\u00e4rt \u2013 ideal f\u00fcr den Einstieg.<\/p>\n\n\n<style>.wp-block-kadence-advancedbtn.kb-btns5_06c291-c3{gap:var(--global-kb-gap-xs, 0.5rem );justify-content:center;align-items:center;}.kt-btns5_06c291-c3 .kt-button{font-weight:normal;font-style:normal;}.kt-btns5_06c291-c3 .kt-btn-wrap-0{margin-right:5px;}.wp-block-kadence-advancedbtn.kt-btns5_06c291-c3 .kt-btn-wrap-0 .kt-button{color:#555555;border-color:#555555;}.wp-block-kadence-advancedbtn.kt-btns5_06c291-c3 .kt-btn-wrap-0 .kt-button:hover, .wp-block-kadence-advancedbtn.kt-btns5_06c291-c3 .kt-btn-wrap-0 .kt-button:focus{color:#ffffff;border-color:#444444;}.wp-block-kadence-advancedbtn.kt-btns5_06c291-c3 .kt-btn-wrap-0 .kt-button::before{display:none;}.wp-block-kadence-advancedbtn.kt-btns5_06c291-c3 .kt-btn-wrap-0 .kt-button:hover, .wp-block-kadence-advancedbtn.kt-btns5_06c291-c3 .kt-btn-wrap-0 .kt-button:focus{background:#444444;}<\/style>\n<div class=\"wp-block-kadence-advancedbtn kb-buttons-wrap kb-btns5_06c291-c3\"><style>ul.menu .wp-block-kadence-advancedbtn .kb-btn5_6e59eb-29.kb-button{width:initial;}<\/style><a class=\"kb-button kt-button button kb-btn5_6e59eb-29 kt-btn-size-standard kt-btn-width-type-auto kb-btn-global-outline  kt-btn-has-text-true kt-btn-has-svg-false  wp-block-kadence-singlebtn\" href=\"\/kurse\/\"><span class=\"kt-btn-inner-text\">Zum Einstieg<\/span><\/a><\/div>\n<\/div>\n\n\n\n<div class=\"wp-block-column is-layout-flow wp-block-column-is-layout-flow\">\n<h3 class=\"wp-block-heading\">Ich will professionell fliegen<\/h3>\n\n\n\n<p>Mehr M\u00f6glichkeiten, mehr N\u00e4he \u2013 der n\u00e4chste Schritt mit A2.<\/p>\n\n\n<style>.wp-block-kadence-advancedbtn.kb-btns5_98177e-c0{gap:var(--global-kb-gap-xs, 0.5rem );justify-content:center;align-items:center;}.kt-btns5_98177e-c0 .kt-button{font-weight:normal;font-style:normal;}.kt-btns5_98177e-c0 .kt-btn-wrap-0{margin-right:5px;}.wp-block-kadence-advancedbtn.kt-btns5_98177e-c0 .kt-btn-wrap-0 .kt-button{color:#555555;border-color:#555555;}.wp-block-kadence-advancedbtn.kt-btns5_98177e-c0 .kt-btn-wrap-0 .kt-button:hover, .wp-block-kadence-advancedbtn.kt-btns5_98177e-c0 .kt-btn-wrap-0 .kt-button:focus{color:#ffffff;border-color:#444444;}.wp-block-kadence-advancedbtn.kt-btns5_98177e-c0 .kt-btn-wrap-0 .kt-button::before{display:none;}.wp-block-kadence-advancedbtn.kt-btns5_98177e-c0 .kt-btn-wrap-0 .kt-button:hover, .wp-block-kadence-advancedbtn.kt-btns5_98177e-c0 .kt-btn-wrap-0 .kt-button:focus{background:#444444;}<\/style>\n<div class=\"wp-block-kadence-advancedbtn kb-buttons-wrap kb-btns5_98177e-c0\"><style>ul.menu .wp-block-kadence-advancedbtn .kb-btn5_b7dd00-a8.kb-button{width:initial;}<\/style><a class=\"kb-button kt-button button kb-btn5_b7dd00-a8 kt-btn-size-standard kt-btn-width-type-auto kb-btn-global-outline  kt-btn-has-text-true kt-btn-has-svg-false  wp-block-kadence-singlebtn\" href=\"\/kurse\/\"><span class=\"kt-btn-inner-text\">Zum A2-Kurs<\/span><\/a><\/div>\n<\/div>\n\n\n\n<div class=\"wp-block-column is-layout-flow wp-block-column-is-layout-flow\">\n<h3 class=\"wp-block-heading\">Ich will Preise vergleichen<\/h3>\n\n\n\n<p>Realistische Preisrahmen und klare Orientierung.<\/p>\n\n\n<style>.wp-block-kadence-advancedbtn.kb-btns5_9a7269-ec{gap:var(--global-kb-gap-xs, 0.5rem );justify-content:center;align-items:center;}.kt-btns5_9a7269-ec .kt-button{font-weight:normal;font-style:normal;}.kt-btns5_9a7269-ec .kt-btn-wrap-0{margin-right:5px;}.wp-block-kadence-advancedbtn.kt-btns5_9a7269-ec .kt-btn-wrap-0 .kt-button{color:#555555;border-color:#555555;}.wp-block-kadence-advancedbtn.kt-btns5_9a7269-ec .kt-btn-wrap-0 .kt-button:hover, .wp-block-kadence-advancedbtn.kt-btns5_9a7269-ec .kt-btn-wrap-0 .kt-button:focus{color:#ffffff;border-color:#444444;}.wp-block-kadence-advancedbtn.kt-btns5_9a7269-ec .kt-btn-wrap-0 .kt-button::before{display:none;}.wp-block-kadence-advancedbtn.kt-btns5_9a7269-ec .kt-btn-wrap-0 .kt-button:hover, .wp-block-kadence-advancedbtn.kt-btns5_9a7269-ec .kt-btn-wrap-0 .kt-button:focus{background:#444444;}<\/style>\n<div class=\"wp-block-kadence-advancedbtn kb-buttons-wrap kb-btns5_9a7269-ec\"><style>ul.menu .wp-block-kadence-advancedbtn .kb-btn5_ed3f09-2f.kb-button{width:initial;}<\/style><a class=\"kb-button kt-button button kb-btn5_ed3f09-2f kt-btn-size-standard kt-btn-width-type-auto kb-btn-global-outline  kt-btn-has-text-true kt-btn-has-svg-false  wp-block-kadence-singlebtn\" href=\"\/preise\/\"><span class=\"kt-btn-inner-text\">Preise ansehen<\/span><\/a><\/div>\n<\/div>\n<\/div>\n<\/div><\/div>\n\n<\/div><\/div>\n\n<style>.kb-row-layout-id5_16d9d7-59 > .kt-row-column-wrap{align-content:start;}:where(.kb-row-layout-id5_16d9d7-59 > .kt-row-column-wrap) > .wp-block-kadence-column{justify-content:start;}.kb-row-layout-id5_16d9d7-59 > .kt-row-column-wrap{column-gap:var(--global-kb-gap-md, 2rem);row-gap:var(--global-kb-gap-md, 2rem);padding-top:var(--global-kb-spacing-sm, 1.5rem);padding-bottom:var(--global-kb-spacing-sm, 1.5rem);grid-template-columns:minmax(0, 1fr);}.kb-row-layout-id5_16d9d7-59 > .kt-row-layout-overlay{opacity:0.30;}@media all and (max-width: 1024px){.kb-row-layout-id5_16d9d7-59 > .kt-row-column-wrap{grid-template-columns:minmax(0, 1fr);}}@media all and (max-width: 767px){.kb-row-layout-id5_16d9d7-59 > .kt-row-column-wrap{grid-template-columns:minmax(0, 1fr);}}<\/style><div class=\"kb-row-layout-wrap kb-row-layout-id5_16d9d7-59 alignnone wp-block-kadence-rowlayout\"><div class=\"kt-row-column-wrap kt-has-1-columns kt-row-layout-equal kt-tab-layout-inherit kt-mobile-layout-row kt-row-valign-top\">\n<style>.kadence-column5_fc2ec4-9a > .kt-inside-inner-col,.kadence-column5_fc2ec4-9a > .kt-inside-inner-col:before{border-top-left-radius:0px;border-top-right-radius:0px;border-bottom-right-radius:0px;border-bottom-left-radius:0px;}.kadence-column5_fc2ec4-9a > .kt-inside-inner-col{column-gap:var(--global-kb-gap-sm, 1rem);}.kadence-column5_fc2ec4-9a > .kt-inside-inner-col{flex-direction:column;}.kadence-column5_fc2ec4-9a > .kt-inside-inner-col > .aligncenter{width:100%;}.kadence-column5_fc2ec4-9a > .kt-inside-inner-col:before{opacity:0.3;}.kadence-column5_fc2ec4-9a{position:relative;}@media all and (max-width: 1024px){.kadence-column5_fc2ec4-9a > .kt-inside-inner-col{flex-direction:column;justify-content:center;}}@media all and (max-width: 767px){.kadence-column5_fc2ec4-9a > .kt-inside-inner-col{flex-direction:column;justify-content:center;}}<\/style>\n<div class=\"wp-block-kadence-column kadence-column5_fc2ec4-9a\"><div class=\"kt-inside-inner-col\">\n<h2 class=\"wp-block-heading\" style=\"padding-top:72px;padding-right:96px;padding-bottom:72px;padding-left:96px\">Warum \u00d6ZG\u00dcRFLY?<\/h2>\n\n\n\n<div class=\"wp-block-columns is-layout-flex wp-container-core-columns-is-layout-f249f3ed wp-block-columns-is-layout-flex\" style=\"padding-right:96px;padding-left:96px\">\n<div class=\"wp-block-column is-layout-flow wp-block-column-is-layout-flow\">\n<h3 class=\"wp-block-heading\">Klar statt kompliziert<\/h3>\n\n\n\n<p>Wir erkl\u00e4ren, was wirklich wichtig ist \u2013 ohne Fachchinesisch.<\/p>\n<\/div>\n\n\n\n<div class=\"wp-block-column is-layout-flow wp-block-column-is-layout-flow\">\n<h3 class=\"wp-block-heading\">Unabh\u00e4ngig &amp; transparent<\/h3>\n\n\n\n<p>Keine eigene Flugschule, keine versteckten Interessen.<\/p>\n<\/div>\n\n\n\n<div class=\"wp-block-column is-layout-flow wp-block-column-is-layout-flow\">\n<h3 class=\"wp-block-heading\">Anerkannte Anbieter<\/h3>\n\n\n\n<p>Weiterleitung nur zu zertifizierten Kursanbietern.<\/p>\n<\/div>\n<\/div>\n<\/div><\/div>\n\n<\/div><\/div>\n\n<style>.kb-row-layout-id5_b53a2c-ab > .kt-row-column-wrap{align-content:start;}:where(.kb-row-layout-id5_b53a2c-ab > .kt-row-column-wrap) > .wp-block-kadence-column{justify-content:start;}.kb-row-layout-id5_b53a2c-ab > .kt-row-column-wrap{column-gap:var(--global-kb-gap-md, 2rem);row-gap:var(--global-kb-gap-md, 2rem);padding-top:var(--global-kb-spacing-sm, 1.5rem);padding-bottom:var(--global-kb-spacing-sm, 1.5rem);grid-template-columns:minmax(0, 1fr);}.kb-row-layout-id5_b53a2c-ab > .kt-row-layout-overlay{opacity:0.30;}@media all and (max-width: 1024px){.kb-row-layout-id5_b53a2c-ab > .kt-row-column-wrap{grid-template-columns:minmax(0, 1fr);}}@media all and (max-width: 767px){.kb-row-layout-id5_b53a2c-ab > .kt-row-column-wrap{grid-template-columns:minmax(0, 1fr);}}<\/style><div class=\"kb-row-layout-wrap kb-row-layout-id5_b53a2c-ab alignnone wp-block-kadence-rowlayout\"><div class=\"kt-row-column-wrap kt-has-1-columns kt-row-layout-equal kt-tab-layout-inherit kt-mobile-layout-row kt-row-valign-top\">\n<style>.kadence-column5_a22550-a2 > .kt-inside-inner-col{display:flex;}.kadence-column5_a22550-a2 > .kt-inside-inner-col,.kadence-column5_a22550-a2 > .kt-inside-inner-col:before{border-top-left-radius:0px;border-top-right-radius:0px;border-bottom-right-radius:0px;border-bottom-left-radius:0px;}.kadence-column5_a22550-a2 > .kt-inside-inner-col{column-gap:var(--global-kb-gap-sm, 1rem);}.kadence-column5_a22550-a2 > .kt-inside-inner-col{flex-direction:column;}.kadence-column5_a22550-a2 > .kt-inside-inner-col > .aligncenter{width:100%;}.kadence-column5_a22550-a2 > .kt-inside-inner-col:before{opacity:0.3;}.kadence-column5_a22550-a2{position:relative;}@media all and (max-width: 1024px){.kadence-column5_a22550-a2 > .kt-inside-inner-col{flex-direction:column;justify-content:center;}}@media all and (max-width: 767px){.kadence-column5_a22550-a2 > .kt-inside-inner-col{flex-direction:column;justify-content:center;}}<\/style>\n<div class=\"wp-block-kadence-column kadence-column5_a22550-a2\"><div class=\"kt-inside-inner-col\">\n<h2 class=\"wp-block-heading\" style=\"padding-top:72px;padding-right:96px;padding-bottom:72px;padding-left:96px\">So funktioniert es<\/h2>\n\n\n\n<p style=\"padding-right:96px;padding-left:96px\"><strong>1. Informieren<\/strong><br>Finde heraus, welcher Drohnenf\u00fchrerschein zu dir passt.<\/p>\n\n\n\n<p style=\"padding-right:96px;padding-left:96px\"><strong>2. Kurs w\u00e4hlen<\/strong><br>Wir leiten dich zum passenden, anerkannten Anbieter weiter.<\/p>\n\n\n\n<p style=\"padding-right:96px;padding-left:96px\"><strong>3. Sicher fliegen<\/strong><br>Rechtssicher vorbereitet \u2013 mit klarer Orientierung.<\/p>\n\n\n\n<p style=\"padding-right:96px;padding-left:96px\">Finde jetzt heraus, welcher Drohnenkurs zu deinem Ziel passt.<\/p>\n\n\n<style>.wp-block-kadence-advancedbtn.kb-btns5_d06c98-09{gap:var(--global-kb-gap-xs, 0.5rem );justify-content:center;align-items:center;}.kt-btns5_d06c98-09 .kt-button{font-weight:normal;font-style:normal;}.kt-btns5_d06c98-09 .kt-btn-wrap-0{margin-right:5px;}.wp-block-kadence-advancedbtn.kt-btns5_d06c98-09 .kt-btn-wrap-0 .kt-button{color:#555555;border-color:#555555;}.wp-block-kadence-advancedbtn.kt-btns5_d06c98-09 .kt-btn-wrap-0 .kt-button:hover, .wp-block-kadence-advancedbtn.kt-btns5_d06c98-09 .kt-btn-wrap-0 .kt-button:focus{color:#ffffff;border-color:#444444;}.wp-block-kadence-advancedbtn.kt-btns5_d06c98-09 .kt-btn-wrap-0 .kt-button::before{display:none;}.wp-block-kadence-advancedbtn.kt-btns5_d06c98-09 .kt-btn-wrap-0 .kt-button:hover, .wp-block-kadence-advancedbtn.kt-btns5_d06c98-09 .kt-btn-wrap-0 .kt-button:focus{background:#444444;}<\/style>\n<div class=\"wp-block-kadence-advancedbtn kb-buttons-wrap kb-btns5_d06c98-09\"><style>ul.menu .wp-block-kadence-advancedbtn .kb-btn5_65ebf5-05.kb-button{width:initial;}<\/style><a class=\"kb-button kt-button button kb-btn5_65ebf5-05 kt-btn-size-standard kt-btn-width-type-auto kb-btn-global-fill  kt-btn-has-text-true kt-btn-has-svg-false  wp-block-kadence-singlebtn\" href=\"\/kurse\/\"><span class=\"kt-btn-inner-text\">Kurse entdecken<\/span><\/a><\/div>\n<\/div><\/div>\n\n<\/div><\/div>\n\n\n<p class=\"has-text-align-left\">Wenn du wissen willst, was der Drohnenf\u00fchrerschein A2 kostet und ob er sich lohnt, findest du <a href=\"https:\/\/ozgurfly.de\/drohnenfuehrerschein-a2-kosten-2\/\">hier <\/a>alle Infos.<\/p>\n\n\n\n<p><\/p>\n","protected":false},"excerpt":{"rendered":"<p>Build your better tomorrow Online-Kurse f\u00fcr deine Karriere und dein Leben Was suchst du? Ich bin neu im Drohnenflug Kurz &amp; verst\u00e4ndlich erkl\u00e4rt \u2013 ideal f\u00fcr den Einstieg. Ich will professionell fliegen Mehr M\u00f6glichkeiten, mehr N\u00e4he \u2013 der n\u00e4chste Schritt mit A2. Ich will Preise vergleichen Realistische Preisrahmen und klare Orientierung. Warum \u00d6ZG\u00dcRFLY? Klar statt&#8230;<\/p>","protected":false},"author":1,"featured_media":458,"parent":0,"menu_order":0,"comment_status":"closed","ping_status":"closed","template":"","meta":{"_kadence_starter_templates_imported_post":true,"_kad_post_transparent":"","_kad_post_title":"hide","_kad_post_layout":"fullwidth","_kad_post_sidebar_id":"","_kad_post_content_style":"default","_kad_post_vertical_padding":"","_kad_post_feature":"","_kad_post_feature_position":"","_kad_post_header":false,"_kad_post_footer":false,"_kad_post_classname":"","footnotes":""},"class_list":["post-5","page","type-page","status-publish","has-post-thumbnail","hentry"],"_links":{"self":[{"href":"https:\/\/ozgurfly.de\/tr\/wp-json\/wp\/v2\/pages\/5","targetHints":{"allow":["GET"]}}],"collection":[{"href":"https:\/\/ozgurfly.de\/tr\/wp-json\/wp\/v2\/pages"}],"about":[{"href":"https:\/\/ozgurfly.de\/tr\/wp-json\/wp\/v2\/types\/page"}],"author":[{"embeddable":true,"href":"https:\/\/ozgurfly.de\/tr\/wp-json\/wp\/v2\/users\/1"}],"replies":[{"embeddable":true,"href":"https:\/\/ozgurfly.de\/tr\/wp-json\/wp\/v2\/comments?post=5"}],"version-history":[{"count":9,"href":"https:\/\/ozgurfly.de\/tr\/wp-json\/wp\/v2\/pages\/5\/revisions"}],"predecessor-version":[{"id":688,"href":"https:\/\/ozgurfly.de\/tr\/wp-json\/wp\/v2\/pages\/5\/revisions\/688"}],"wp:featuredmedia":[{"embeddable":true,"href":"https:\/\/ozgurfly.de\/tr\/wp-json\/wp\/v2\/media\/458"}],"wp:attachment":[{"href":"https:\/\/ozgurfly.de\/tr\/wp-json\/wp\/v2\/media?parent=5"}],"curies":[{"name":"wp","href":"https:\/\/api.w.org\/{rel}","templated":true}]}}