{"id":481,"date":"2025-12-14T01:31:50","date_gmt":"2025-12-14T00:31:50","guid":{"rendered":"https:\/\/ozgurfly.de\/?page_id=481"},"modified":"2025-12-17T10:20:15","modified_gmt":"2025-12-17T09:20:15","slug":"kurse","status":"publish","type":"page","link":"https:\/\/ozgurfly.de\/tr\/kurse\/","title":{"rendered":"Kurse"},"content":{"rendered":"<h1 class=\"wp-block-heading\" id=\"kursarten\">Die richtigen Drohnenkurse f\u00fcr deinen n\u00e4chsten Schritt<\/h1>\n\n\n\n<p>Ob A1\/A3 oder A2 \u2013 hier findest du genau den Online-Kurs, den du f\u00fcr deinen Drohnenf\u00fchrerschein brauchst.<br>Klar strukturierte Online-Drohnenkurse f\u00fcr einen sicheren, legalen und souver\u00e4nen Start.<\/p>\n\n\n<style>.wp-block-kadence-advancedbtn.kb-btns481_201d8a-d9{gap:var(--global-kb-gap-xs, 0.5rem );justify-content:center;align-items:center;}.kt-btns481_201d8a-d9 .kt-button{font-weight:normal;font-style:normal;}.kt-btns481_201d8a-d9 .kt-btn-wrap-0{margin-right:5px;}.wp-block-kadence-advancedbtn.kt-btns481_201d8a-d9 .kt-btn-wrap-0 .kt-button{color:#555555;border-color:#555555;}.wp-block-kadence-advancedbtn.kt-btns481_201d8a-d9 .kt-btn-wrap-0 .kt-button:hover, .wp-block-kadence-advancedbtn.kt-btns481_201d8a-d9 .kt-btn-wrap-0 .kt-button:focus{color:#ffffff;border-color:#444444;}.wp-block-kadence-advancedbtn.kt-btns481_201d8a-d9 .kt-btn-wrap-0 .kt-button::before{display:none;}.wp-block-kadence-advancedbtn.kt-btns481_201d8a-d9 .kt-btn-wrap-0 .kt-button:hover, .wp-block-kadence-advancedbtn.kt-btns481_201d8a-d9 .kt-btn-wrap-0 .kt-button:focus{background:#444444;}<\/style>\n<div class=\"wp-block-kadence-advancedbtn kb-buttons-wrap kb-btns481_201d8a-d9\"><style>ul.menu .wp-block-kadence-advancedbtn .kb-btn481_9420d0-34.kb-button{width:initial;}<\/style><a class=\"kb-button kt-button button kb-btn481_9420d0-34 kt-btn-size-standard kt-btn-width-type-auto kb-btn-global-fill  kt-btn-has-text-true kt-btn-has-svg-false  wp-block-kadence-singlebtn\" href=\"https:\/\/eudrohnenpruefung.de\/?ref=bwzrbumq\" rel=\" nofollow sponsored noopener\" target=\"_blank\"><span class=\"kt-btn-inner-text\">ZU DEN KURSEN<\/span><\/a>\n\n<style>ul.menu .wp-block-kadence-advancedbtn .kb-btn481_7a9dfb-81.kb-button{width:initial;}<\/style><a class=\"kb-button kt-button button kb-btn481_7a9dfb-81 kt-btn-size-standard kt-btn-width-type-auto kb-btn-global-outline  kt-btn-has-text-true kt-btn-has-svg-false  wp-block-kadence-singlebtn\" href=\"#kursarten\"><span class=\"kt-btn-inner-text\">KURSARTEN VERGLEICHEN<\/span><\/a><\/div>\n\n\n\n<h2 class=\"wp-block-heading\"><strong>Welche Drohnenkurse brauchst du?<\/strong><\/h2>\n\n\n\n<p>Die EU-Drohnenverordnung unterscheidet verschiedene Kompetenzstufen. Mit diesen Kursen bist du f\u00fcr jede Situation perfekt vorbereitet.<\/p>\n\n\n\n<div class=\"wp-block-columns is-layout-flex wp-container-core-columns-is-layout-9d6595d7 wp-block-columns-is-layout-flex\">\n<div class=\"wp-block-column has-background is-layout-flow wp-block-column-is-layout-flow\" style=\"border-top-left-radius:14px;border-top-right-radius:14px;border-bottom-left-radius:14px;border-bottom-right-radius:14px;background-color:#f7f9fb;padding-right:0;padding-left:0\">\n<h3 class=\"wp-block-heading\">A1\/A3 \u2013 Einstieg f\u00fcr Hobby &amp; Business<\/h3>\n\n\n\n<blockquote class=\"wp-block-quote is-layout-flow wp-block-quote-is-layout-flow\">\n<p>F\u00fcr alle, die legal mit Drohnen &lt; 25 kg fliegen wollen \u2013 privat oder gewerblich.<\/p>\n<\/blockquote>\n\n\n\n<ul class=\"wp-block-list\">\n<li>Liste:<\/li>\n\n\n\n<li>Online-Lernmodule<\/li>\n\n\n\n<li>Einfach erkl\u00e4rte Grundlagen<\/li>\n\n\n\n<li>Pr\u00fcfungsvorbereitung nach EU-Standard<\/li>\n<\/ul>\n\n\n<style>.wp-block-kadence-advancedbtn.kb-btns481_c07fe4-d4{gap:var(--global-kb-gap-xs, 0.5rem );justify-content:center;align-items:center;}.kt-btns481_c07fe4-d4 .kt-button{font-weight:normal;font-style:normal;}.kt-btns481_c07fe4-d4 .kt-btn-wrap-0{margin-right:5px;}.wp-block-kadence-advancedbtn.kt-btns481_c07fe4-d4 .kt-btn-wrap-0 .kt-button{color:#555555;border-color:#555555;}.wp-block-kadence-advancedbtn.kt-btns481_c07fe4-d4 .kt-btn-wrap-0 .kt-button:hover, .wp-block-kadence-advancedbtn.kt-btns481_c07fe4-d4 .kt-btn-wrap-0 .kt-button:focus{color:#ffffff;border-color:#444444;}.wp-block-kadence-advancedbtn.kt-btns481_c07fe4-d4 .kt-btn-wrap-0 .kt-button::before{display:none;}.wp-block-kadence-advancedbtn.kt-btns481_c07fe4-d4 .kt-btn-wrap-0 .kt-button:hover, .wp-block-kadence-advancedbtn.kt-btns481_c07fe4-d4 .kt-btn-wrap-0 .kt-button:focus{background:#444444;}<\/style>\n<div class=\"wp-block-kadence-advancedbtn kb-buttons-wrap kb-btns481_c07fe4-d4\"><style>ul.menu .wp-block-kadence-advancedbtn .kb-btn481_f7d311-ca.kb-button{width:initial;}<\/style><a class=\"kb-button kt-button button kb-btn481_f7d311-ca kt-btn-size-standard kt-btn-width-type-auto kb-btn-global-outline  kt-btn-has-text-true kt-btn-has-svg-false  wp-block-kadence-singlebtn\" href=\"https:\/\/eudrohnenpruefung.de\/?ref=bwzrbumq\" rel=\" nofollow sponsored noopener\" target=\"_blank\"><span class=\"kt-btn-inner-text\">A1\/A3 starten<\/span><\/a><\/div>\n<\/div>\n\n\n\n<div class=\"wp-block-column has-background is-layout-flow wp-block-column-is-layout-flow\" style=\"border-top-left-radius:14px;border-top-right-radius:14px;border-bottom-left-radius:14px;border-bottom-right-radius:14px;background-color:#f7f9fb\">\n<h2 class=\"wp-block-heading\">A2 \u2013 N\u00e4her am Menschen, n\u00e4her am Objekt<\/h2>\n\n\n\n<p>Ideal f\u00fcr fortgeschrittene Drohnenpiloten, die n\u00e4her an Menschen und Geb\u00e4uden fliegen m\u00f6chten \u2013 sicher, legal und professionell.<\/p>\n\n\n\n<ul class=\"wp-block-list\">\n<li>Offizielle Inhalte nach EU-Standard<\/li>\n\n\n\n<li>Pr\u00fcfungsfokus &amp; klare Struktur<\/li>\n\n\n\n<li>Praxisnahe Beispiele<\/li>\n\n\n\n<li>F\u00fcr Hobby &amp; Business geeignet<\/li>\n<\/ul>\n\n\n<style>.wp-block-kadence-advancedbtn.kb-btns481_0b2a92-72{gap:var(--global-kb-gap-xs, 0.5rem );justify-content:center;align-items:center;}.kt-btns481_0b2a92-72 .kt-button{font-weight:normal;font-style:normal;}.kt-btns481_0b2a92-72 .kt-btn-wrap-0{margin-right:5px;}.wp-block-kadence-advancedbtn.kt-btns481_0b2a92-72 .kt-btn-wrap-0 .kt-button{color:#555555;border-color:#555555;}.wp-block-kadence-advancedbtn.kt-btns481_0b2a92-72 .kt-btn-wrap-0 .kt-button:hover, .wp-block-kadence-advancedbtn.kt-btns481_0b2a92-72 .kt-btn-wrap-0 .kt-button:focus{color:#ffffff;border-color:#444444;}.wp-block-kadence-advancedbtn.kt-btns481_0b2a92-72 .kt-btn-wrap-0 .kt-button::before{display:none;}.wp-block-kadence-advancedbtn.kt-btns481_0b2a92-72 .kt-btn-wrap-0 .kt-button:hover, .wp-block-kadence-advancedbtn.kt-btns481_0b2a92-72 .kt-btn-wrap-0 .kt-button:focus{background:#444444;}<\/style>\n<div class=\"wp-block-kadence-advancedbtn kb-buttons-wrap kb-btns481_0b2a92-72\"><style>ul.menu .wp-block-kadence-advancedbtn .kb-btn481_7555c2-6d.kb-button{width:initial;}<\/style><a class=\"kb-button kt-button button kb-btn481_7555c2-6d kt-btn-size-standard kt-btn-width-type-auto kb-btn-global-outline  kt-btn-has-text-true kt-btn-has-svg-false  wp-block-kadence-singlebtn\" href=\"https:\/\/eudrohnenpruefung.de\/?ref=bwzrbumq\" rel=\" nofollow sponsored noopener\" target=\"_blank\"><span class=\"kt-btn-inner-text\">a2 starten<\/span><\/a><\/div>\n<\/div>\n\n\n\n<div class=\"wp-block-column has-background is-layout-flow wp-block-column-is-layout-flow\" style=\"border-top-left-radius:14px;border-top-right-radius:14px;border-bottom-left-radius:14px;border-bottom-right-radius:14px;background-color:#f7f9fb;padding-top:0;padding-right:0;padding-bottom:0;padding-left:0\">\n<h3 class=\"wp-block-heading\">Extra: Praxis, Versicherung &amp; Checklisten<\/h3>\n\n\n\n<p>Ideal f\u00fcr alle, die regelm\u00e4\u00dfig oder professionell fliegen m\u00f6chten.<\/p>\n\n\n\n<ul class=\"wp-block-list\">\n<li>Checklisten f\u00fcr Vorbereitung &amp; Flug<\/li>\n\n\n\n<li>Versicherung &amp; Haftung verst\u00e4ndlich<\/li>\n\n\n\n<li>Sicherheitsroutine f\u00fcr jeden Einsatz<\/li>\n\n\n\n<li>Zeit sparen, besser fliegen<\/li>\n<\/ul>\n\n\n\n<p>Besonders empfohlen f\u00fcr alle, die regelm\u00e4\u00dfig fliegen oder professionell arbeiten m\u00f6chten.<\/p>\n\n\n<style>.wp-block-kadence-advancedbtn.kb-btns481_2df4a6-7f{gap:var(--global-kb-gap-xs, 0.5rem );justify-content:center;align-items:center;}.kt-btns481_2df4a6-7f .kt-button{font-weight:normal;font-style:normal;}.kt-btns481_2df4a6-7f .kt-btn-wrap-0{margin-right:5px;}.wp-block-kadence-advancedbtn.kt-btns481_2df4a6-7f .kt-btn-wrap-0 .kt-button{color:#555555;border-color:#555555;}.wp-block-kadence-advancedbtn.kt-btns481_2df4a6-7f .kt-btn-wrap-0 .kt-button:hover, .wp-block-kadence-advancedbtn.kt-btns481_2df4a6-7f .kt-btn-wrap-0 .kt-button:focus{color:#ffffff;border-color:#444444;}.wp-block-kadence-advancedbtn.kt-btns481_2df4a6-7f .kt-btn-wrap-0 .kt-button::before{display:none;}.wp-block-kadence-advancedbtn.kt-btns481_2df4a6-7f .kt-btn-wrap-0 .kt-button:hover, .wp-block-kadence-advancedbtn.kt-btns481_2df4a6-7f .kt-btn-wrap-0 .kt-button:focus{background:#444444;}<\/style>\n<div class=\"wp-block-kadence-advancedbtn kb-buttons-wrap kb-btns481_2df4a6-7f\"><style>ul.menu .wp-block-kadence-advancedbtn .kb-btn481_592c12-55.kb-button{width:initial;}<\/style><a class=\"kb-button kt-button button kb-btn481_592c12-55 kt-btn-size-standard kt-btn-width-type-auto kb-btn-global-outline  kt-btn-has-text-true kt-btn-has-svg-false  wp-block-kadence-singlebtn\" href=\"https:\/\/eudrohnenpruefung.de\/?ref=bwzrbumq\" rel=\" nofollow sponsored noopener\" target=\"_blank\"><span class=\"kt-btn-inner-text\">extras entdecken<\/span><\/a><\/div>\n<\/div>\n<\/div>\n\n\n<style>.kb-row-layout-id481_7ac491-aa > .kt-row-column-wrap{align-content:start;}:where(.kb-row-layout-id481_7ac491-aa > .kt-row-column-wrap) > .wp-block-kadence-column{justify-content:start;}.kb-row-layout-id481_7ac491-aa > .kt-row-column-wrap{column-gap:var(--global-kb-gap-md, 2rem);row-gap:var(--global-kb-gap-md, 2rem);padding-top:var(--global-kb-spacing-sm, 1.5rem);padding-bottom:var(--global-kb-spacing-sm, 1.5rem);grid-template-columns:minmax(0, 1fr);}.kb-row-layout-id481_7ac491-aa > .kt-row-layout-overlay{opacity:0.30;}@media all and (max-width: 1024px){.kb-row-layout-id481_7ac491-aa > .kt-row-column-wrap{grid-template-columns:minmax(0, 1fr);}}@media all and (max-width: 767px){.kb-row-layout-id481_7ac491-aa > .kt-row-column-wrap{grid-template-columns:minmax(0, 1fr);}}<\/style><div class=\"kb-row-layout-wrap kb-row-layout-id481_7ac491-aa alignnone wp-block-kadence-rowlayout\"><div class=\"kt-row-column-wrap kt-has-1-columns kt-row-layout-equal kt-tab-layout-inherit kt-mobile-layout-row kt-row-valign-top\">\n<style>.kadence-column481_c9aa89-8d > .kt-inside-inner-col,.kadence-column481_c9aa89-8d > .kt-inside-inner-col:before{border-top-left-radius:0px;border-top-right-radius:0px;border-bottom-right-radius:0px;border-bottom-left-radius:0px;}.kadence-column481_c9aa89-8d > .kt-inside-inner-col{column-gap:var(--global-kb-gap-sm, 1rem);}.kadence-column481_c9aa89-8d > .kt-inside-inner-col{flex-direction:column;}.kadence-column481_c9aa89-8d > .kt-inside-inner-col > .aligncenter{width:100%;}.kadence-column481_c9aa89-8d > .kt-inside-inner-col:before{opacity:0.3;}.kadence-column481_c9aa89-8d{position:relative;}@media all and (max-width: 1024px){.kadence-column481_c9aa89-8d > .kt-inside-inner-col{flex-direction:column;justify-content:center;}}@media all and (max-width: 767px){.kadence-column481_c9aa89-8d > .kt-inside-inner-col{flex-direction:column;justify-content:center;}}<\/style>\n<div class=\"wp-block-kadence-column kadence-column481_c9aa89-8d\"><div class=\"kt-inside-inner-col\">\n<h2 class=\"wp-block-heading\">Noch unsicher?<\/h2>\n\n\n\n<p>Bevor du dich entscheidest, lohnt sich ein kurzer \u00dcberblick. Diese Artikel helfen dir, den richtigen Drohnenschein zu w\u00e4hlen.<\/p>\n\n\n\n<ul class=\"wp-block-list\">\n<li><a href=\"\/tr\/was-kostet-der-drohnenschein\/\">Was kostet der Drohnenschein in Deutschland?<\/a><\/li>\n\n\n\n<li><a href=\"\/tr\/a1-a3-oder-a2-welcher-drohnenschein-ist-pflicht\/\">A1\/A3 oder A2 \u2013 Welcher Drohnenschein ist Pflicht?<\/a><\/li>\n<\/ul>\n<\/div><\/div>\n\n<\/div><\/div>\n\n<style>.kb-row-layout-id481_7d21e6-c5 > .kt-row-column-wrap{align-content:start;}:where(.kb-row-layout-id481_7d21e6-c5 > .kt-row-column-wrap) > .wp-block-kadence-column{justify-content:start;}.kb-row-layout-id481_7d21e6-c5 > .kt-row-column-wrap{column-gap:var(--global-kb-gap-md, 2rem);row-gap:var(--global-kb-gap-md, 2rem);padding-top:var(--global-kb-spacing-sm, 1.5rem);padding-bottom:var(--global-kb-spacing-sm, 1.5rem);grid-template-columns:minmax(0, 1fr);}.kb-row-layout-id481_7d21e6-c5 > .kt-row-layout-overlay{opacity:0.30;}@media all and (max-width: 1024px){.kb-row-layout-id481_7d21e6-c5 > .kt-row-column-wrap{grid-template-columns:minmax(0, 1fr);}}@media all and (max-width: 767px){.kb-row-layout-id481_7d21e6-c5 > .kt-row-column-wrap{grid-template-columns:minmax(0, 1fr);}}<\/style><div class=\"kb-row-layout-wrap kb-row-layout-id481_7d21e6-c5 alignnone wp-block-kadence-rowlayout\"><div class=\"kt-row-column-wrap kt-has-1-columns kt-row-layout-equal kt-tab-layout-inherit kt-mobile-layout-row kt-row-valign-top\">\n<style>.kadence-column481_8d7a0b-f6 > .kt-inside-inner-col,.kadence-column481_8d7a0b-f6 > .kt-inside-inner-col:before{border-top-left-radius:0px;border-top-right-radius:0px;border-bottom-right-radius:0px;border-bottom-left-radius:0px;}.kadence-column481_8d7a0b-f6 > .kt-inside-inner-col{column-gap:var(--global-kb-gap-sm, 1rem);}.kadence-column481_8d7a0b-f6 > .kt-inside-inner-col{flex-direction:column;}.kadence-column481_8d7a0b-f6 > .kt-inside-inner-col > .aligncenter{width:100%;}.kadence-column481_8d7a0b-f6 > .kt-inside-inner-col:before{opacity:0.3;}.kadence-column481_8d7a0b-f6{position:relative;}@media all and (max-width: 1024px){.kadence-column481_8d7a0b-f6 > .kt-inside-inner-col{flex-direction:column;justify-content:center;}}@media all and (max-width: 767px){.kadence-column481_8d7a0b-f6 > .kt-inside-inner-col{flex-direction:column;justify-content:center;}}<\/style>\n<div class=\"wp-block-kadence-column kadence-column481_8d7a0b-f6\"><div class=\"kt-inside-inner-col\">\n<h2 class=\"wp-block-heading\">Bereit f\u00fcr deinen Drohnenkurs?<\/h2>\n\n\n\n<p>Starte jetzt online \u2013 klar strukturiert, flexibel und auf die Pr\u00fcfung ausgerichtet.<\/p>\n\n\n<style>.wp-block-kadence-advancedbtn.kb-btns481_ff5276-f6{gap:var(--global-kb-gap-xs, 0.5rem );justify-content:center;align-items:center;}.kt-btns481_ff5276-f6 .kt-button{font-weight:normal;font-style:normal;}.kt-btns481_ff5276-f6 .kt-btn-wrap-0{margin-right:5px;}.wp-block-kadence-advancedbtn.kt-btns481_ff5276-f6 .kt-btn-wrap-0 .kt-button{color:#555555;border-color:#555555;}.wp-block-kadence-advancedbtn.kt-btns481_ff5276-f6 .kt-btn-wrap-0 .kt-button:hover, .wp-block-kadence-advancedbtn.kt-btns481_ff5276-f6 .kt-btn-wrap-0 .kt-button:focus{color:#ffffff;border-color:#444444;}.wp-block-kadence-advancedbtn.kt-btns481_ff5276-f6 .kt-btn-wrap-0 .kt-button::before{display:none;}.wp-block-kadence-advancedbtn.kt-btns481_ff5276-f6 .kt-btn-wrap-0 .kt-button:hover, .wp-block-kadence-advancedbtn.kt-btns481_ff5276-f6 .kt-btn-wrap-0 .kt-button:focus{background:#444444;}<\/style>\n<div class=\"wp-block-kadence-advancedbtn kb-buttons-wrap kb-btns481_ff5276-f6\"><style>ul.menu .wp-block-kadence-advancedbtn .kb-btn481_98bb71-8b.kb-button{width:initial;}<\/style><a class=\"kb-button kt-button button kb-btn481_98bb71-8b kt-btn-size-standard kt-btn-width-type-auto kb-btn-global-fill  kt-btn-has-text-true kt-btn-has-svg-false  wp-block-kadence-singlebtn\" href=\"https:\/\/eudrohnenpruefung.de\/?ref=bwzrbumq\" rel=\" nofollow sponsored noopener\" target=\"_blank\"><span class=\"kt-btn-inner-text\">Jetzt Kurs w\u00e4hlen<\/span><\/a><\/div>\n<\/div><\/div>\n\n<\/div><\/div>\n\n\n<p><sub>Hinweis: Die Kurse werden \u00fcber einen zertifizierten Partner angeboten.<\/sub><\/p>\n\n\n\n<p><\/p>","protected":false},"excerpt":{"rendered":"<p>Die richtigen Drohnenkurse f\u00fcr deinen n\u00e4chsten Schritt Ob A1\/A3 oder A2 \u2013 hier findest du genau den Online-Kurs, den du f\u00fcr deinen Drohnenf\u00fchrerschein brauchst.Klar strukturierte Online-Drohnenkurse f\u00fcr einen sicheren, legalen und souver\u00e4nen Start. Welche Drohnenkurse brauchst du? Die EU-Drohnenverordnung unterscheidet verschiedene Kompetenzstufen. Mit diesen Kursen bist du f\u00fcr jede Situation perfekt vorbereitet. A1\/A3 \u2013 Einstieg&#8230;<\/p>","protected":false},"author":1,"featured_media":0,"parent":0,"menu_order":0,"comment_status":"closed","ping_status":"closed","template":"","meta":{"_kadence_starter_templates_imported_post":false,"_kad_post_transparent":"disable","_kad_post_title":"","_kad_post_layout":"normal","_kad_post_sidebar_id":"","_kad_post_content_style":"boxed","_kad_post_vertical_padding":"","_kad_post_feature":"","_kad_post_feature_position":"","_kad_post_header":false,"_kad_post_footer":false,"_kad_post_classname":"","footnotes":""},"class_list":["post-481","page","type-page","status-publish","hentry"],"_links":{"self":[{"href":"https:\/\/ozgurfly.de\/tr\/wp-json\/wp\/v2\/pages\/481","targetHints":{"allow":["GET"]}}],"collection":[{"href":"https:\/\/ozgurfly.de\/tr\/wp-json\/wp\/v2\/pages"}],"about":[{"href":"https:\/\/ozgurfly.de\/tr\/wp-json\/wp\/v2\/types\/page"}],"author":[{"embeddable":true,"href":"https:\/\/ozgurfly.de\/tr\/wp-json\/wp\/v2\/users\/1"}],"replies":[{"embeddable":true,"href":"https:\/\/ozgurfly.de\/tr\/wp-json\/wp\/v2\/comments?post=481"}],"version-history":[{"count":10,"href":"https:\/\/ozgurfly.de\/tr\/wp-json\/wp\/v2\/pages\/481\/revisions"}],"predecessor-version":[{"id":611,"href":"https:\/\/ozgurfly.de\/tr\/wp-json\/wp\/v2\/pages\/481\/revisions\/611"}],"wp:attachment":[{"href":"https:\/\/ozgurfly.de\/tr\/wp-json\/wp\/v2\/media?parent=481"}],"curies":[{"name":"wp","href":"https:\/\/api.w.org\/{rel}","templated":true}]}}